{"id":132,"date":"2024-01-22T11:15:23","date_gmt":"2024-01-22T10:15:23","guid":{"rendered":"https:\/\/genappe-ensemble.be\/?page_id=132"},"modified":"2024-10-16T10:32:55","modified_gmt":"2024-10-16T08:32:55","slug":"presse","status":"publish","type":"page","link":"https:\/\/genappe-ensemble.be\/index.php\/presse\/","title":{"rendered":"Presse"},"content":{"rendered":"\n<p>L&rsquo;Avenir Brabant wallon &#8211; Mercredi 16 octobre 2024<\/p>\n\n\n<div class=\"wp-block-image\">\n<figure class=\"aligncenter size-full\"><img loading=\"lazy\" decoding=\"async\" width=\"773\" height=\"627\" src=\"http:\/\/genappe-ensemble.be\/wp-content\/uploads\/2024\/10\/crop-16-10-2024-2584346.jpg\" alt=\"\" class=\"wp-image-582\" srcset=\"https:\/\/genappe-ensemble.be\/wp-content\/uploads\/2024\/10\/crop-16-10-2024-2584346.jpg 773w, https:\/\/genappe-ensemble.be\/wp-content\/uploads\/2024\/10\/crop-16-10-2024-2584346-300x243.jpg 300w, https:\/\/genappe-ensemble.be\/wp-content\/uploads\/2024\/10\/crop-16-10-2024-2584346-768x623.jpg 768w\" sizes=\"auto, (max-width: 773px) 85vw, 773px\" \/><\/figure>\n<\/div>\n\n\n<hr class=\"wp-block-separator has-alpha-channel-opacity\"\/>\n\n\n\n<p><strong>Ecoutez ENSEMBLE sur la radio Ultrason<\/strong> : <a href=\"https:\/\/www.facebook.com\/ultrason\/videos\/566245189298479\">https:\/\/www.facebook.com\/ultrason\/videos\/566245189298479<\/a><\/p>\n\n\n\n<hr class=\"wp-block-separator has-alpha-channel-opacity\"\/>\n\n\n\n<p class=\"has-text-align-center has-light-blue-background-color has-background has-medium-font-size\"><strong>Une heure citoyenne avec ENSEMBLE,<\/strong><br><strong>la liste n\u00b011 de Genappe&#8230;<\/strong><br>Vous ne nous connaissez pas encore ?&nbsp; Vous souhaitez nous poser des questions et entendre nos r\u00e9ponses ? Prenez part \u00e0 un moment d\u2019\u00e9changes en ligne <strong>lundi 7 octobre \u00e0 18 h<\/strong>.<br>Cliquez sur ce lien \u00e0 l&rsquo;heure dite : <a href=\"https:\/\/us06web.zoom.us\/j\/84826408781P\"><strong>https:\/\/us06web.zoom.us\/j\/84826408781<\/strong><\/a><br>Pas besoin de s\u2019inscrire, nous vous attendons !<\/p>\n\n\n\n<hr class=\"wp-block-separator has-alpha-channel-opacity\"\/>\n\n\n\n<p class=\"has-yellow-background-color has-background\"><strong>Mise au point de la liste ENSEMBLE &#8211; 6 octobre 2024<\/strong><br><br>ENSEMBLE a pris connaissance de l&rsquo;initiative de la liste MR-LE d&rsquo;organiser une agora consacr\u00e9e \u00e0 la participation citoyenne, \u00e0 3 jours des \u00e9lections,&nbsp; le mercredi 9 octobre 2024 \u00e0 19 h au Monty.<br><br>ENSEMBLE se r\u00e9jouit de constater que la participation citoyenne, quasi absente du programme de la liste MR-LE, devient un enjeu \u00e9lectoral de premier plan, voire un \u00e9l\u00e9ment-cl\u00e9 pour une future majorit\u00e9 communale.&nbsp;<br><br>ENSEMBLE souhaite rappeler que le mot \u201cparticipation\u201d peut refl\u00e9ter de nombreuses nuances dont \u201cl\u2019\u00e9chelle\u201d est l\u2019information,&nbsp; la consultation, la concertation,&nbsp; l&rsquo;implication pour mener une action ensemble. Pour ENSEMBLE,&nbsp; il n\u2019est nullement question de ne prendre que l\u2019avis des gens.<br><br>ENSEMBLE constate qu&rsquo;il y a un travail important \u00e0 faire et s&rsquo;engage \u00e0 y travailler au cours de la prochaine l\u00e9gislature.<br><br>Le Groupe ENSEMBLE est bien \u00e9videmment pr\u00eat \u00e0 partager ses connaissances des processus participatifs, qui font l&rsquo;objet de publications universitaires et intellectuelles depuis longtemps.<br><br>Nos id\u00e9es-forces proposent une s\u00e9rie d\u2019outils que nous vous invitons \u00e0 d\u00e9couvrir et t\u00e9l\u00e9charger sur notre site.<br><br>Pour conclure : Nous rappelons qu&rsquo;ENSEMBLE n&rsquo;est pas un parti&nbsp; mais une liste citoyenne pluraliste : nous sommes des progressistes&nbsp; r\u00e9uni\u2022e\u2022s autour d\u2019une volont\u00e9 de d\u00e9mocratie participative \u00e0 mettre en place progressivement.<\/p>\n\n\n\n<hr class=\"wp-block-separator has-alpha-channel-opacity\"\/>\n\n\n\n<p>Ecouter le <strong>d\u00e9bat des listes de Genappe <\/strong>organis\u00e9 par Pacage asbl avec le soutien du Monty le mercredi 2 octobre 2024<\/p>\n\n\n\n<p><a href=\"https:\/\/www.facebook.com\/LeMontyGenappe\/videos\/504908062431863\">https:\/\/www.facebook.com\/LeMontyGenappe\/videos\/504908062431863<\/a><\/p>\n\n\n\n<hr class=\"wp-block-separator has-alpha-channel-opacity\"\/>\n\n\n\n<p>L&rsquo;Avenir Brabant wallon &#8211; Mardi 24 septembre 2024<\/p>\n\n\n\n<figure class=\"wp-block-image size-large\"><img loading=\"lazy\" decoding=\"async\" width=\"1024\" height=\"551\" src=\"http:\/\/genappe-ensemble.be\/wp-content\/uploads\/2024\/09\/l-avenir-24-9-2024-1024x551.jpeg\" alt=\"\" class=\"wp-image-513\" srcset=\"https:\/\/genappe-ensemble.be\/wp-content\/uploads\/2024\/09\/l-avenir-24-9-2024-1024x551.jpeg 1024w, https:\/\/genappe-ensemble.be\/wp-content\/uploads\/2024\/09\/l-avenir-24-9-2024-300x161.jpeg 300w, https:\/\/genappe-ensemble.be\/wp-content\/uploads\/2024\/09\/l-avenir-24-9-2024-768x413.jpeg 768w, https:\/\/genappe-ensemble.be\/wp-content\/uploads\/2024\/09\/l-avenir-24-9-2024-1200x645.jpeg 1200w, https:\/\/genappe-ensemble.be\/wp-content\/uploads\/2024\/09\/l-avenir-24-9-2024.jpeg 1220w\" sizes=\"auto, (max-width: 709px) 85vw, (max-width: 909px) 67vw, (max-width: 1362px) 62vw, 840px\" \/><\/figure>\n\n\n\n<hr class=\"wp-block-separator has-alpha-channel-opacity\"\/>\n\n\n\n<p>La <strong>vid\u00e9o de pr\u00e9sentation des candidat\u2027e\u2027s de la liste ENSEMBLE<\/strong> le 21 septembre 2024 : <a href=\"https:\/\/www.facebook.com\/martin.mahaux\/videos\/420158544042397\">https:\/\/www.facebook.com\/martin.mahaux\/videos\/420158544042397<\/a><\/p>\n\n\n\n<figure class=\"wp-block-image size-large wp-duotone-magenta-yellow\"><img loading=\"lazy\" decoding=\"async\" width=\"726\" height=\"1024\" src=\"https:\/\/genappe-ensemble.be\/wp-content\/uploads\/2024\/09\/monty-a4-20240912100434-726x1024.jpg\" alt=\"\" class=\"wp-image-463\" srcset=\"https:\/\/genappe-ensemble.be\/wp-content\/uploads\/2024\/09\/monty-a4-20240912100434-726x1024.jpg 726w, https:\/\/genappe-ensemble.be\/wp-content\/uploads\/2024\/09\/monty-a4-20240912100434-213x300.jpg 213w, https:\/\/genappe-ensemble.be\/wp-content\/uploads\/2024\/09\/monty-a4-20240912100434-768x1083.jpg 768w, https:\/\/genappe-ensemble.be\/wp-content\/uploads\/2024\/09\/monty-a4-20240912100434-1089x1536.jpg 1089w, https:\/\/genappe-ensemble.be\/wp-content\/uploads\/2024\/09\/monty-a4-20240912100434-1452x2048.jpg 1452w, https:\/\/genappe-ensemble.be\/wp-content\/uploads\/2024\/09\/monty-a4-20240912100434-1200x1692.jpg 1200w, https:\/\/genappe-ensemble.be\/wp-content\/uploads\/2024\/09\/monty-a4-20240912100434-scaled.jpg 1815w\" sizes=\"auto, (max-width: 726px) 85vw, 726px\" \/><\/figure>\n\n\n\n<hr class=\"wp-block-separator has-alpha-channel-opacity\"\/>\n\n\n\n<p>L&rsquo;Avenir Brabant wallon &#8211; Vendredi 20 septembre 2024<\/p>\n\n\n\n<figure class=\"wp-block-image size-large\"><img loading=\"lazy\" decoding=\"async\" width=\"1024\" height=\"828\" src=\"http:\/\/genappe-ensemble.be\/wp-content\/uploads\/2024\/09\/lAvenir-20092024-1024x828.jpeg\" alt=\"\" class=\"wp-image-484\" srcset=\"https:\/\/genappe-ensemble.be\/wp-content\/uploads\/2024\/09\/lAvenir-20092024-1024x828.jpeg 1024w, https:\/\/genappe-ensemble.be\/wp-content\/uploads\/2024\/09\/lAvenir-20092024-300x242.jpeg 300w, https:\/\/genappe-ensemble.be\/wp-content\/uploads\/2024\/09\/lAvenir-20092024-768x621.jpeg 768w, https:\/\/genappe-ensemble.be\/wp-content\/uploads\/2024\/09\/lAvenir-20092024-1200x970.jpeg 1200w, https:\/\/genappe-ensemble.be\/wp-content\/uploads\/2024\/09\/lAvenir-20092024.jpeg 1220w\" sizes=\"auto, (max-width: 709px) 85vw, (max-width: 909px) 67vw, (max-width: 1362px) 62vw, 840px\" \/><\/figure>\n\n\n\n<hr class=\"wp-block-separator has-alpha-channel-opacity\"\/>\n\n\n\n<p>L&rsquo;Avenir Brabant wallon &#8211; Mardi 20 ao\u00fbt 2024<\/p>\n\n\n\n<figure class=\"wp-block-image size-full\"><img loading=\"lazy\" decoding=\"async\" width=\"700\" height=\"764\" src=\"http:\/\/genappe-ensemble.be\/wp-content\/uploads\/2024\/08\/Lavenir-20-aout-2024.jpeg\" alt=\"\" class=\"wp-image-241\" srcset=\"https:\/\/genappe-ensemble.be\/wp-content\/uploads\/2024\/08\/Lavenir-20-aout-2024.jpeg 700w, https:\/\/genappe-ensemble.be\/wp-content\/uploads\/2024\/08\/Lavenir-20-aout-2024-275x300.jpeg 275w\" sizes=\"auto, (max-width: 700px) 85vw, 700px\" \/><\/figure>\n\n\n\n<hr class=\"wp-block-separator has-alpha-channel-opacity\"\/>\n\n\n\n<figure class=\"wp-block-image size-large\"><img loading=\"lazy\" decoding=\"async\" width=\"1024\" height=\"970\" src=\"https:\/\/genappe-ensemble.be\/wp-content\/uploads\/2024\/01\/ENSEMBLE-Genappe-Lavenir-20240122-1024x970.png\" alt=\"\" class=\"wp-image-133\" srcset=\"https:\/\/genappe-ensemble.be\/wp-content\/uploads\/2024\/01\/ENSEMBLE-Genappe-Lavenir-20240122-1024x970.png 1024w, https:\/\/genappe-ensemble.be\/wp-content\/uploads\/2024\/01\/ENSEMBLE-Genappe-Lavenir-20240122-300x284.png 300w, https:\/\/genappe-ensemble.be\/wp-content\/uploads\/2024\/01\/ENSEMBLE-Genappe-Lavenir-20240122-768x727.png 768w, https:\/\/genappe-ensemble.be\/wp-content\/uploads\/2024\/01\/ENSEMBLE-Genappe-Lavenir-20240122-1200x1136.png 1200w, https:\/\/genappe-ensemble.be\/wp-content\/uploads\/2024\/01\/ENSEMBLE-Genappe-Lavenir-20240122.png 1411w\" sizes=\"auto, (max-width: 709px) 85vw, (max-width: 909px) 67vw, (max-width: 1362px) 62vw, 840px\" \/><\/figure>\n\n\n\n<hr class=\"wp-block-separator has-alpha-channel-opacity\"\/>\n\n\n\n<p>Genappe, Le journal officiel de la Ville de Genappe &#8211; Janvier  2024, page 2<\/p>\n\n\n\n<figure class=\"wp-block-image size-large\"><img loading=\"lazy\" decoding=\"async\" width=\"1024\" height=\"913\" src=\"http:\/\/genappe-ensemble.be\/wp-content\/uploads\/2024\/01\/Journal-2024-01-1024x913.jpg\" alt=\"\" class=\"wp-image-137\" srcset=\"https:\/\/genappe-ensemble.be\/wp-content\/uploads\/2024\/01\/Journal-2024-01-1024x913.jpg 1024w, https:\/\/genappe-ensemble.be\/wp-content\/uploads\/2024\/01\/Journal-2024-01-300x268.jpg 300w, https:\/\/genappe-ensemble.be\/wp-content\/uploads\/2024\/01\/Journal-2024-01-768x685.jpg 768w, https:\/\/genappe-ensemble.be\/wp-content\/uploads\/2024\/01\/Journal-2024-01-1200x1070.jpg 1200w, https:\/\/genappe-ensemble.be\/wp-content\/uploads\/2024\/01\/Journal-2024-01.jpg 1211w\" sizes=\"auto, (max-width: 709px) 85vw, (max-width: 909px) 67vw, (max-width: 1362px) 62vw, 840px\" \/><\/figure>\n\n\n\n<hr class=\"wp-block-separator has-alpha-channel-opacity\"\/>\n","protected":false},"excerpt":{"rendered":"<p>L&rsquo;Avenir Brabant wallon &#8211; Mercredi 16 octobre 2024 Ecoutez ENSEMBLE sur la radio Ultrason : https:\/\/www.facebook.com\/ultrason\/videos\/566245189298479 Une heure citoyenne avec ENSEMBLE,la liste n\u00b011 de Genappe&#8230;Vous ne nous connaissez pas encore ?&nbsp; Vous souhaitez nous poser des questions et entendre nos r\u00e9ponses ? Prenez part \u00e0 un moment d\u2019\u00e9changes en ligne lundi 7 octobre \u00e0 18 &hellip; <a href=\"https:\/\/genappe-ensemble.be\/index.php\/presse\/\" class=\"more-link\">Continuer la lecture<span class=\"screen-reader-text\"> de &laquo;&nbsp;Presse&nbsp;&raquo;<\/span><\/a><\/p>\n","protected":false},"author":2,"featured_media":0,"parent":0,"menu_order":0,"comment_status":"closed","ping_status":"closed","template":"","meta":{"_monsterinsights_skip_tracking":false,"_monsterinsights_sitenote_active":false,"_monsterinsights_sitenote_note":"","_monsterinsights_sitenote_category":0,"footnotes":""},"class_list":["post-132","page","type-page","status-publish","hentry"],"_links":{"self":[{"href":"https:\/\/genappe-ensemble.be\/index.php\/wp-json\/wp\/v2\/pages\/132","targetHints":{"allow":["GET"]}}],"collection":[{"href":"https:\/\/genappe-ensemble.be\/index.php\/wp-json\/wp\/v2\/pages"}],"about":[{"href":"https:\/\/genappe-ensemble.be\/index.php\/wp-json\/wp\/v2\/types\/page"}],"author":[{"embeddable":true,"href":"https:\/\/genappe-ensemble.be\/index.php\/wp-json\/wp\/v2\/users\/2"}],"replies":[{"embeddable":true,"href":"https:\/\/genappe-ensemble.be\/index.php\/wp-json\/wp\/v2\/comments?post=132"}],"version-history":[{"count":20,"href":"https:\/\/genappe-ensemble.be\/index.php\/wp-json\/wp\/v2\/pages\/132\/revisions"}],"predecessor-version":[{"id":649,"href":"https:\/\/genappe-ensemble.be\/index.php\/wp-json\/wp\/v2\/pages\/132\/revisions\/649"}],"wp:attachment":[{"href":"https:\/\/genappe-ensemble.be\/index.php\/wp-json\/wp\/v2\/media?parent=132"}],"curies":[{"name":"wp","href":"https:\/\/api.w.org\/{rel}","templated":true}]}}