{"id":162,"date":"2024-08-11T12:14:37","date_gmt":"2024-08-11T10:14:37","guid":{"rendered":"https:\/\/genappe-ensemble.be\/?page_id=162"},"modified":"2025-01-21T16:07:10","modified_gmt":"2025-01-21T15:07:10","slug":"notre-bilan-2018-2024","status":"publish","type":"page","link":"https:\/\/genappe-ensemble.be\/index.php\/notre-bilan-2018-2024\/","title":{"rendered":"Notre bilan 2018-2024"},"content":{"rendered":"\n<p>Pour ENSEMBLE, la vie dans la minorit\u00e9 au Conseil communal n&rsquo;a pas \u00e9t\u00e9 chose ais\u00e9e face \u00e0 une majorit\u00e9 \u00e9crasante : 18 si\u00e8ges MR-Engag\u00e9s sur 25. Avec un seul si\u00e8ge, ENSEMBLE n&rsquo;\u00e9tait membre d&rsquo;office d&rsquo;aucune commission communale. Notre \u00e9lue pouvait y participer mais n\u2019\u00e9tait pas toujours invit\u00e9e. ENSEMBLE disposait aussi d&rsquo;un si\u00e8ge d&rsquo;observation au Conseil d&rsquo;administration du \u00ab\u00a038\u00a0\u00bb.<\/p>\n\n\n\n<hr class=\"wp-block-separator has-alpha-channel-opacity\"\/>\n\n\n\n<p class=\"has-text-align-center has-medium-font-size\" id=\"debut\"><strong>Les actions men\u00e9es<\/strong><\/p>\n\n\n\n<ul class=\"wp-block-list\">\n<li>Pour suivre les dossiers communaux : <a href=\"#dossiers\">ici<\/a><\/li>\n\n\n\n<li>Pour la transparence de la vie communale : <a href=\"#transparence\" data-type=\"internal\" data-id=\"#tranparence\">ici<\/a><\/li>\n\n\n\n<li>Pour la s\u00e9curit\u00e9 sur la RN25 et le bien-\u00eatre des \u00e9l\u00e8ves des \u00e9coles : <a href=\"#securite\">ici<\/a><\/li>\n\n\n\n<li>Pour porter et relayer la voix des citoyen\u2027ne\u2027s : <a href=\"#voix\">ici<\/a><\/li>\n\n\n\n<li>Pour notre environnement et notre convivialit\u00e9 : <a href=\"#environ\" data-type=\"internal\" data-id=\"#environ\">ici<\/a><\/li>\n\n\n\n<li><strong>Nos eng<\/strong>agements citoyens : <a href=\"#engage\">ici<\/a><\/li>\n<\/ul>\n\n\n\n<hr class=\"wp-block-separator has-alpha-channel-opacity\"\/>\n\n\n\n<p id=\"dossiers\"><img loading=\"lazy\" decoding=\"async\" width=\"19\" height=\"24\" class=\"wp-image-196\" style=\"width: 19px;\" src=\"http:\/\/genappe-ensemble.be\/wp-content\/uploads\/2024\/08\/3GOOD2.gif\" alt=\"\"><strong> Suivi des dossiers communaux<\/strong><\/p>\n\n\n\n<p>Notre \u00e9lue a assist\u00e9 assid\u00fbment aux s\u00e9ances du Conseil communal et a assist\u00e9 d&rsquo;initiative aux travaux des commissions Finances, Plan de Coh\u00e9sion sociale, Plan Energie Climat, Genappe Commune hospitali\u00e8re, Accueil Temps Libre (ATL), Bien \u00eatre et sant\u00e9. Notre repr\u00e9sentante au \u00ab\u00a038\u00a0\u00bb en a suivi les dossiers.<a href=\"#debut\" data-type=\"internal\" data-id=\"#debut\"><img loading=\"lazy\" decoding=\"async\" width=\"17\" height=\"24\" class=\"wp-image-309\" style=\"width: 17px;\" src=\"http:\/\/genappe-ensemble.be\/wp-content\/uploads\/2024\/08\/ARRO8N2.gif\" alt=\"\"><\/a><\/p>\n\n\n\n<hr class=\"wp-block-separator has-alpha-channel-opacity\"\/>\n\n\n\n<p id=\"transparence\"><img loading=\"lazy\" decoding=\"async\" width=\"19\" height=\"24\" class=\"wp-image-196\" style=\"width: 19px;\" src=\"http:\/\/genappe-ensemble.be\/wp-content\/uploads\/2024\/08\/3GOOD2.gif\" alt=\"\"> <strong>Pour la tansparence de la vie communale<\/strong><\/p>\n\n\n\n<p id=\"Trans\">D\u00e8s le mois d\u2019avril 2019, nous avons introduit une motion pour plus de <strong>transparence<\/strong> concernant les points \u00e0 l&rsquo;ordre du jour du Conseil communal et pour l\u2019accessibilit\u00e9 aux PV des r\u00e9unions et des dossiers relatifs aux enqu\u00eates publiques. Les PV et le contenu des points de l\u2019ordre du jour du Conseil communal sont dor\u00e9navant en ligne , vu l\u2019obligation impos\u00e9e par la R\u00e9gion wallonne.<\/p>\n\n\n\n<p>ENSEMBLE a mobilis\u00e9 les moyens (motions, interpellation citoyenne, questions lors du Conseil communal) pour obtenir la <strong>retransmission du Conseil communal en ligne<\/strong>, comme durant le Covid, sans succ\u00e8s !<\/p>\n\n\n\n<p>Apr\u00e8s plusieurs relances, ENSEMBLE a obtenu la publication syst\u00e9matique (mais \u00e0 rappeler), sur le site web de la commune, des dossiers des<strong> enqu\u00eates publiques <\/strong>pour les projets ayant un impact collectif.<a href=\"#debut\"><img loading=\"lazy\" decoding=\"async\" width=\"17\" height=\"24\" class=\"wp-image-309\" style=\"width: 17px;\" src=\"http:\/\/genappe-ensemble.be\/wp-content\/uploads\/2024\/08\/ARRO8N2.gif\" alt=\"\"><\/a><\/p>\n\n\n\n<hr class=\"wp-block-separator has-alpha-channel-opacity\"\/>\n\n\n\n<p id=\"securite\"><img loading=\"lazy\" decoding=\"async\" width=\"19\" height=\"24\" class=\"wp-image-196\" style=\"width: 19px;\" src=\"http:\/\/genappe-ensemble.be\/wp-content\/uploads\/2024\/08\/3GOOD2.gif\" alt=\"\"> <strong>Pour la s\u00e9curit\u00e9 sur la RN25 et le bien-\u00eatre des \u00e9l\u00e8ves des \u00e9coles<\/strong><\/p>\n\n\n\n<p>ENSEMBLE a introduit une motion en vue de limiter la <strong>vitesse sur la RN 25<\/strong>.<\/p>\n\n\n\n<p>ENSEMBLE a obtenu des <strong>repas bio<\/strong> pour la cantine scolaire des \u00e9coles communales.<\/p>\n\n\n\n<p>ENSEMBLE a demand\u00e9 la liquidation de l&rsquo;<strong>asbl \u00ab\u00a0classes p\u00e9dagogiques\u00a0\u00bb<\/strong>, qui ne se justifiait plus. Cette liquidation aurait all\u00e9g\u00e9 le travail du personnel communal, sachant que les avantages pour les enfants en \u00e2ge d\u2019\u00e9cole primaire restaient maintenus. Faute d&rsquo;initiative, l&rsquo;asbl dormante a fini par \u00eatre ray\u00e9e d&rsquo;office par la Banque Carrefour des Entreprises (BCE) pour non-respect des obligations l\u00e9gales.<a href=\"#debut\"><img loading=\"lazy\" decoding=\"async\" width=\"17\" height=\"24\" class=\"wp-image-309\" style=\"width: 17px;\" src=\"http:\/\/genappe-ensemble.be\/wp-content\/uploads\/2024\/08\/ARRO8N2.gif\" alt=\"\"><\/a><\/p>\n\n\n\n<hr class=\"wp-block-separator has-alpha-channel-opacity\"\/>\n\n\n\n<p id=\"voix\"><img loading=\"lazy\" decoding=\"async\" width=\"19\" height=\"24\" class=\"wp-image-196\" style=\"width: 19px;\" src=\"http:\/\/genappe-ensemble.be\/wp-content\/uploads\/2024\/08\/3GOOD2.gif\" alt=\"\"> <strong>Pour porter et relayer la voix des citoyen\u2027ne\u2027s<\/strong> <\/p>\n\n\n\n<p>ENSEMBLE a soutenu les citoyen\u00b7ne\u2027s qui voulaient introduire une <strong>interpellation<\/strong> citoyenne au Conseil communal, par exemple celle d\u2019une citoyenne qui voulait mettre en place un <strong>conseil consultatif des a\u00een\u00e9\u2027e\u2027s<\/strong>. Un membre d&rsquo;ENSEMBLE a pr\u00e9sent\u00e9 une interpellation citoyenne afin d\u2019amener le Coll\u00e8ge communal \u00e0 revoir sa position sur l\u2019opportunit\u00e9 de maintenir la <strong>Maison Beghin<\/strong>, avec une perspective de logement de transit, plut\u00f4t que de la d\u00e9molir pour agrandir l\u2019acc\u00e8s au parking Beghin. Le Coll\u00e8ge a r\u00e9pondu qu&rsquo;il \u00e9tudierait l\u2019opportunit\u00e9.<\/p>\n\n\n\n<p>Lors des s\u00e9ances du Conseil communal, notre \u00e9lue a pos\u00e9\u00a0syst\u00e9matiquement les questions\u00a0 que nous ont transmises les citoyen\u2027ne\u2027s (entre 4 et 6 questions par s\u00e9ance).<\/p>\n\n\n\n<p>ENSEMBLE a soutenu des citoyens qui voulaient interpeller la R\u00e9gion wallonne afin de revoir le projet de transformation de la <strong>Ferme Saint-Martin \u00e0 Bousval<\/strong> en Centre de Bien-\u00eatre. Une p\u00e9tition a rassembl\u00e9 plus de 300 signatures. Le Coll\u00e8ge a n\u00e9anmoins accord\u00e9 le permis d&rsquo;urbanisme.<\/p>\n\n\n\n<p>En parlant des <strong>citoyen\u00b7ne\u2027s<\/strong>, ENSEMBLE constate que le mot est pass\u00e9 dans le langage de la majorit\u00e9&#8230;<\/p>\n\n\n\n<p>ENSEMBLE avait pr\u00f4n\u00e9 un <strong>budget participatif<\/strong> lors de la campagne \u00e9lectorale en 2018; il a \u00e9t\u00e9 organis\u00e9 3 fois au cours de la l\u00e9gislature qui s&rsquo;est achev\u00e9e le 2 d\u00e9cembre 2024 : en 2020, 2021 et 2023. Les projets citoyens laur\u00e9ats ont contribu\u00e9 \u00e0 la r\u00e9alisation du Plan Strat\u00e9gique Transversal (PST) de la commune. <a href=\"#debut\"><img loading=\"lazy\" decoding=\"async\" width=\"17\" height=\"24\" class=\"wp-image-309\" style=\"width: 17px;\" src=\"http:\/\/genappe-ensemble.be\/wp-content\/uploads\/2024\/08\/ARRO8N2.gif\" alt=\"\"><\/a><\/p>\n\n\n\n<hr class=\"wp-block-separator has-alpha-channel-opacity\"\/>\n\n\n\n<p id=\"environ\"><img loading=\"lazy\" decoding=\"async\" width=\"19\" height=\"24\" class=\"wp-image-196\" style=\"width: 19px;\" src=\"http:\/\/genappe-ensemble.be\/wp-content\/uploads\/2024\/08\/3GOOD2.gif\" alt=\"\"> <strong>Pour notre environnement et notre convivialit\u00e9<\/strong><\/p>\n\n\n\n<p>ENSEMBLE a organis\u00e9 une p\u00e9tition pour \u00e9viter que le <strong>parc de la Dyle<\/strong> (dans le centre de la commune) ne devienne un centre de terrains de tennis. Nous sommes fiers d&rsquo;avoir contribu\u00e9 \u00e0 sauver le parc de la Dyle.&nbsp;<\/p>\n\n\n\n<p>ENSEMBLE a pr\u00e9sent\u00e9 une motion pour d\u00e9ployer une campagne de sensibilisation autour du <strong>z\u00e9ro d\u00e9chet<\/strong>. La majorit\u00e9 s&rsquo;y \u00e9tait engag\u00e9e, sans suite jusqu&rsquo;\u00e0 pr\u00e9sent.<\/p>\n\n\n\n<p>ENSEMBLE a tent\u00e9 de relancer le <strong>march\u00e9 hebdomadaire, rue de la Station<\/strong>. Il a repris depuis 2 ans. Nous avons soutenu son installation.<a href=\"#debut\"><img loading=\"lazy\" decoding=\"async\" width=\"17\" height=\"24\" class=\"wp-image-309\" style=\"width: 17px;\" src=\"http:\/\/genappe-ensemble.be\/wp-content\/uploads\/2024\/08\/ARRO8N2.gif\" alt=\"\"><\/a><\/p>\n\n\n\n<hr class=\"wp-block-separator has-alpha-channel-opacity\"\/>\n\n\n\n<p id=\"engage\"><img loading=\"lazy\" decoding=\"async\" width=\"19\" height=\"24\" class=\"wp-image-196\" style=\"width: 19px;\" src=\"http:\/\/genappe-ensemble.be\/wp-content\/uploads\/2024\/08\/3GOOD2.gif\" alt=\"\"> <strong>Nos engagements citoyens<\/strong><\/p>\n\n\n\n<p>Certain<strong>\u00b7<\/strong>e<strong>\u00b7<\/strong>s de nos membres ont \u00e9t\u00e9 :\u00a0<\/p>\n\n\n\n<ul class=\"wp-block-list\">\n<li>membres de la Commission communale d&rsquo;Am\u00e9nagement du territoire et de la mobilit\u00e9 (CCATM)<\/li>\n\n\n\n<li>membres du Comit\u00e9 d\u2019accompagnement du Plan communal du d\u00e9veloppement rural (PCDR)<\/li>\n\n\n\n<li>membres de la Commission d\u2019accompagnement du plan Energie Climat (CAPEC)<\/li>\n\n\n\n<li>membres de la Commission de r\u00e9novation urbaine<\/li>\n\n\n\n<li>actif<strong>\u00b7<\/strong>ve<strong>\u00b7<\/strong>s dans les quartiers (La Motte, Crawannes, Chauss\u00e9e de Charleroi et Notre-Dame de Foy,\u2026)<\/li>\n\n\n\n<li>pr\u00e9sent<strong>\u00b7<\/strong>e<strong>\u00b7<\/strong>s dans des PLP (Partenariat local de pr\u00e9vention)<\/li>\n\n\n\n<li>avec leur accord \u00e0 \u00eatre cit\u00e9<strong>\u00b7<\/strong>e<strong>\u00b7<\/strong>s, des membres d&rsquo;ENSEMBLE ont \u00e9t\u00e9 ou sont actif\u2027ve\u2027s dans le Cercle d&rsquo;Histoire et d&rsquo;Arch\u00e9ologie de Genappe (CHPAG), Genappe en transition, des PLP (partenaires locaux de pr\u00e9vention), HydroGen (future centrale hydro\u00e9lectrique sur la Dyle), Pacage asbl (\u00e9ducation permanente), Les Amis du Monty, Les P&rsquo;tits Pots, la coop\u00e9rative Les Amis du Bois Ballon, des comit\u00e9s de quartier, des coop\u00e9ratives citoyennes d&rsquo;\u00e9nergie renouvelable,&#8230;<\/li>\n<\/ul>\n\n\n\n<hr class=\"wp-block-separator has-alpha-channel-opacity\"\/>\n\n\n\n<p><\/p>\n","protected":false},"excerpt":{"rendered":"<p>Pour ENSEMBLE, la vie dans la minorit\u00e9 au Conseil communal n&rsquo;a pas \u00e9t\u00e9 chose ais\u00e9e face \u00e0 une majorit\u00e9 \u00e9crasante : 18 si\u00e8ges MR-Engag\u00e9s sur 25. Avec un seul si\u00e8ge, ENSEMBLE n&rsquo;\u00e9tait membre d&rsquo;office d&rsquo;aucune commission communale. Notre \u00e9lue pouvait y participer mais n\u2019\u00e9tait pas toujours invit\u00e9e. ENSEMBLE disposait aussi d&rsquo;un si\u00e8ge d&rsquo;observation au Conseil &hellip; <a href=\"https:\/\/genappe-ensemble.be\/index.php\/notre-bilan-2018-2024\/\" class=\"more-link\">Continuer la lecture<span class=\"screen-reader-text\"> de &laquo;&nbsp;Notre bilan 2018-2024&nbsp;&raquo;<\/span><\/a><\/p>\n","protected":false},"author":2,"featured_media":0,"parent":0,"menu_order":0,"comment_status":"closed","ping_status":"closed","template":"","meta":{"_monsterinsights_skip_tracking":false,"_monsterinsights_sitenote_active":false,"_monsterinsights_sitenote_note":"","_monsterinsights_sitenote_category":0,"footnotes":""},"class_list":["post-162","page","type-page","status-publish","hentry"],"_links":{"self":[{"href":"https:\/\/genappe-ensemble.be\/index.php\/wp-json\/wp\/v2\/pages\/162","targetHints":{"allow":["GET"]}}],"collection":[{"href":"https:\/\/genappe-ensemble.be\/index.php\/wp-json\/wp\/v2\/pages"}],"about":[{"href":"https:\/\/genappe-ensemble.be\/index.php\/wp-json\/wp\/v2\/types\/page"}],"author":[{"embeddable":true,"href":"https:\/\/genappe-ensemble.be\/index.php\/wp-json\/wp\/v2\/users\/2"}],"replies":[{"embeddable":true,"href":"https:\/\/genappe-ensemble.be\/index.php\/wp-json\/wp\/v2\/comments?post=162"}],"version-history":[{"count":20,"href":"https:\/\/genappe-ensemble.be\/index.php\/wp-json\/wp\/v2\/pages\/162\/revisions"}],"predecessor-version":[{"id":621,"href":"https:\/\/genappe-ensemble.be\/index.php\/wp-json\/wp\/v2\/pages\/162\/revisions\/621"}],"wp:attachment":[{"href":"https:\/\/genappe-ensemble.be\/index.php\/wp-json\/wp\/v2\/media?parent=162"}],"curies":[{"name":"wp","href":"https:\/\/api.w.org\/{rel}","templated":true}]}}