{"id":23,"date":"2024-01-10T12:02:21","date_gmt":"2024-01-10T11:02:21","guid":{"rendered":"https:\/\/genappe-ensemble.be\/?page_id=23"},"modified":"2025-03-06T18:08:23","modified_gmt":"2025-03-06T17:08:23","slug":"construisons-un-genappe","status":"publish","type":"page","link":"https:\/\/genappe-ensemble.be\/","title":{"rendered":""},"content":{"rendered":"\n<p class=\"has-text-align-center has-large-font-size\"><strong>Finis les recours<br>Au travail avec les citoyen\u2027ne\u2027s<\/strong><\/p>\n\n\n<div class=\"wp-block-image\">\n<figure class=\"aligncenter size-large\"><img loading=\"lazy\" decoding=\"async\" width=\"697\" height=\"1024\" src=\"http:\/\/genappe-ensemble.be\/wp-content\/uploads\/2025\/03\/isolat-reporters_e74202_-697x1024.jpg\" alt=\"\" class=\"wp-image-643\" srcset=\"https:\/\/genappe-ensemble.be\/wp-content\/uploads\/2025\/03\/isolat-reporters_e74202_-697x1024.jpg 697w, https:\/\/genappe-ensemble.be\/wp-content\/uploads\/2025\/03\/isolat-reporters_e74202_-204x300.jpg 204w, https:\/\/genappe-ensemble.be\/wp-content\/uploads\/2025\/03\/isolat-reporters_e74202_-768x1128.jpg 768w, https:\/\/genappe-ensemble.be\/wp-content\/uploads\/2025\/03\/isolat-reporters_e74202_-1045x1536.jpg 1045w, https:\/\/genappe-ensemble.be\/wp-content\/uploads\/2025\/03\/isolat-reporters_e74202_-1394x2048.jpg 1394w, https:\/\/genappe-ensemble.be\/wp-content\/uploads\/2025\/03\/isolat-reporters_e74202_-1200x1763.jpg 1200w, https:\/\/genappe-ensemble.be\/wp-content\/uploads\/2025\/03\/isolat-reporters_e74202_-scaled.jpg 1742w\" sizes=\"auto, (max-width: 697px) 85vw, 697px\" \/><\/figure>\n<\/div>\n\n\n<p>Tous les recours possibles apr\u00e8s les \u00e9lections communales de 2024, \u00e0 Genappe, sont maintenant cl\u00f4tur\u00e9s.\u2027 Mais il faut en tirer quelques constatations :&nbsp;<\/p>\n\n\n\n<ul class=\"wp-block-list\">\n<li>La loi est l\u00e0, il est n\u00e9cessaire de l\u2019appliquer et de la faire respecter.<\/li>\n\n\n\n<li>Le citoyen a des droits. Les instances de justice et de contr\u00f4le sont l\u00e0 pour veiller \u00e0 leur application.<\/li>\n\n\n\n<li>Les interpr\u00e9tations existent et c\u2019est le propre de chacun d&rsquo;avoir son opinion. C&rsquo;est humain\u2027 Les instances de justice sont l\u00e0 pour dire le droit.<\/li>\n\n\n\n<li>Tout cela a co\u00fbt\u00e9 beaucoup d\u2019\u00e9nergie et de l\u2019argent aux protagonistes.<\/li>\n\n\n\n<li>Chacun : \u00e9lus, candidats, citoyens, nous avons \u00e0 pr\u00e9sent cinq ans et demi&nbsp; pour pr\u00e9parer l\u2019avenir.<\/li>\n<\/ul>\n\n\n\n<p><strong>Une chose est s\u00fbre, du c\u00f4t\u00e9 d\u2019ENSEMBLE, nous n\u2019avons pas eu les moyens de nous payer un 4 m2 de panneaux publicitaires. ENSEMBLE forme le v\u0153u que chacun\u2027e mette \u00e0 pr\u00e9sent toute son \u00e9nergie dans la dynamisation d\u2019une relation positive avec les citoyen\u2027ne\u2027s. Le Mouvement ENSEMBLE reste persuad\u00e9 que la participation citoyenne a toute sa place dans la gouvernance communale et s&#8217;emploie \u00e0 la d\u00e9velopper.<\/strong><\/p>\n\n\n\n<hr class=\"wp-block-separator has-alpha-channel-opacity\"\/>\n\n\n\n<p class=\"has-text-align-center has-light-blue-background-color has-background has-medium-font-size\"><strong>Merci de votre int\u00e9r\u00eat et de nous lire<\/strong> <img loading=\"lazy\" decoding=\"async\" width=\"24\" height=\"24\" class=\"wp-image-195\" style=\"width: 24px;\" src=\"http:\/\/genappe-ensemble.be\/wp-content\/uploads\/2024\/08\/3FACEHA2.gif\" alt=\"\"><\/p>\n\n\n\n<p class=\"has-text-align-center\">ENSEMBLE a fait le choix de l\u2019\u00e9criture inclusive en utilisant le point m\u00e9dian afin d\u2019\u00e9viter toute discrimination de genre (masculin et f\u00e9minin). Exemple : citoyen\u00b7ne\u00b7s<\/p>\n\n\n\n<hr class=\"wp-block-separator has-alpha-channel-opacity\"\/>\n\n\n\n<p class=\"has-text-align-center\"><strong>\u00e0 une prochaine visite et rejoignez-nous aussi sur notre page Facebook<\/strong> <img loading=\"lazy\" decoding=\"async\" width=\"83\" height=\"71\" class=\"wp-image-493\" style=\"width: 83px;\" src=\"http:\/\/genappe-ensemble.be\/wp-content\/uploads\/2024\/09\/fb-30pc.jpg\" alt=\"\"><br><a href=\"https:\/\/www.facebook.com\/genappeensemble\">https:\/\/www.facebook.com\/genappeensemble<\/a><\/p>\n\n\n\n<p class=\"has-text-align-center\"><strong>et sur notre page Instagram<\/strong> <img loading=\"lazy\" decoding=\"async\" width=\"82\" height=\"72\" class=\"wp-image-494\" style=\"width: 82px;\" src=\"http:\/\/genappe-ensemble.be\/wp-content\/uploads\/2024\/09\/insta-30pc.jpg\" alt=\"\"><br><a href=\"https:\/\/www.instagram.com\/ensemblegenappe\/\">https:\/\/www.instagram.com\/ensemblegenappe\/<\/a><\/p>\n\n\n\n<p><\/p>\n","protected":false},"excerpt":{"rendered":"<p>Finis les recoursAu travail avec les citoyen\u2027ne\u2027s Tous les recours possibles apr\u00e8s les \u00e9lections communales de 2024, \u00e0 Genappe, sont maintenant cl\u00f4tur\u00e9s.\u2027 Mais il faut en tirer quelques constatations :&nbsp; Une chose est s\u00fbre, du c\u00f4t\u00e9 d\u2019ENSEMBLE, nous n\u2019avons pas eu les moyens de nous payer un 4 m2 de panneaux publicitaires. ENSEMBLE forme le &hellip; <a href=\"https:\/\/genappe-ensemble.be\/\" class=\"more-link\">Continuer la lecture<span class=\"screen-reader-text\"> de &laquo;&nbsp;&nbsp;&raquo;<\/span><\/a><\/p>\n","protected":false},"author":2,"featured_media":152,"parent":0,"menu_order":0,"comment_status":"closed","ping_status":"closed","template":"","meta":{"_monsterinsights_skip_tracking":false,"_monsterinsights_sitenote_active":false,"_monsterinsights_sitenote_note":"","_monsterinsights_sitenote_category":0,"footnotes":""},"class_list":["post-23","page","type-page","status-publish","has-post-thumbnail","hentry"],"_links":{"self":[{"href":"https:\/\/genappe-ensemble.be\/index.php\/wp-json\/wp\/v2\/pages\/23","targetHints":{"allow":["GET"]}}],"collection":[{"href":"https:\/\/genappe-ensemble.be\/index.php\/wp-json\/wp\/v2\/pages"}],"about":[{"href":"https:\/\/genappe-ensemble.be\/index.php\/wp-json\/wp\/v2\/types\/page"}],"author":[{"embeddable":true,"href":"https:\/\/genappe-ensemble.be\/index.php\/wp-json\/wp\/v2\/users\/2"}],"replies":[{"embeddable":true,"href":"https:\/\/genappe-ensemble.be\/index.php\/wp-json\/wp\/v2\/comments?post=23"}],"version-history":[{"count":64,"href":"https:\/\/genappe-ensemble.be\/index.php\/wp-json\/wp\/v2\/pages\/23\/revisions"}],"predecessor-version":[{"id":653,"href":"https:\/\/genappe-ensemble.be\/index.php\/wp-json\/wp\/v2\/pages\/23\/revisions\/653"}],"wp:featuredmedia":[{"embeddable":true,"href":"https:\/\/genappe-ensemble.be\/index.php\/wp-json\/wp\/v2\/media\/152"}],"wp:attachment":[{"href":"https:\/\/genappe-ensemble.be\/index.php\/wp-json\/wp\/v2\/media?parent=23"}],"curies":[{"name":"wp","href":"https:\/\/api.w.org\/{rel}","templated":true}]}}