{"id":269,"date":"2024-08-23T18:15:05","date_gmt":"2024-08-23T16:15:05","guid":{"rendered":"https:\/\/genappe-ensemble.be\/?page_id=269"},"modified":"2024-08-29T16:45:08","modified_gmt":"2024-08-29T14:45:08","slug":"ensemble-depuis-2018","status":"publish","type":"page","link":"https:\/\/genappe-ensemble.be\/index.php\/ensemble-depuis-2018\/","title":{"rendered":"ENSEMBLE depuis 2018"},"content":{"rendered":"\n<p class=\"has-bright-red-color has-text-color has-link-color has-medium-font-size wp-elements-b4f793a58a14d98d77f304fa4e9785d0\"><img loading=\"lazy\" decoding=\"async\" width=\"19\" height=\"24\" class=\"wp-image-196\" style=\"width: 19px;\" src=\"http:\/\/genappe-ensemble.be\/wp-content\/uploads\/2024\/08\/3GOOD2.gif\" alt=\"\">  <strong>Les pr\u00e9occupations et les id\u00e9es des citoyen\u2027ne\u2027s<\/strong><\/p>\n\n\n\n<p>Le \u00ab\u00a0sondage\u00a0\u00bb d&rsquo;ENSEMBLE : <a href=\"https:\/\/genappe-ensemble.be\/index.php\/sondage\/\" data-type=\"page\" data-id=\"58\">ici<\/a><\/p>\n\n\n\n<hr class=\"wp-block-separator has-alpha-channel-opacity\"\/>\n\n\n\n<p class=\"has-bright-red-color has-text-color has-link-color has-medium-font-size wp-elements-e4cb2d10dcc1979e0f1ebe280fc6fba1\"><img loading=\"lazy\" decoding=\"async\" width=\"19\" height=\"24\" class=\"wp-image-196\" style=\"width: 19px;\" src=\"http:\/\/genappe-ensemble.be\/wp-content\/uploads\/2024\/08\/3GOOD2.gif\" alt=\"\">  <strong>Notre bilan 2018-2024<\/strong><\/p>\n\n\n\n<p>Le bilan 2018-2024 d&rsquo;ENSEMBLE : <a href=\"https:\/\/genappe-ensemble.be\/index.php\/notre-bilan-2018-2024\/\" data-type=\"page\" data-id=\"162\">ici<\/a><\/p>\n\n\n\n<hr class=\"wp-block-separator has-alpha-channel-opacity\"\/>\n\n\n\n<p class=\"has-bright-red-color has-text-color has-link-color has-medium-font-size wp-elements-d61773d05b50c1875116d4ad96f283e8\"><img loading=\"lazy\" decoding=\"async\" width=\"19\" height=\"24\" class=\"wp-image-196\" style=\"width: 19px;\" src=\"http:\/\/genappe-ensemble.be\/wp-content\/uploads\/2024\/08\/3GOOD2.gif\" alt=\"\">  <strong>Nos rencontres citoyennes<\/strong><\/p>\n\n\n\n<p>Afin d\u2019\u00e9tablir sa ligne de conduite et ses priorit\u00e9s, ENSEMBLE a souhait\u00e9 s&rsquo;aligner sur les aspirations des citoyen\u2027ne\u2027s. Nous avons recueilli vos attentes pour le futur de notre commune.<\/p>\n\n\n\n<p>Vous avez pu nous rejoindre lors d\u2019une tourn\u00e9e des villages ou d&rsquo;une r\u00e9union d&rsquo;ENSEMBLE pour parler de diff\u00e9rents th\u00e8mes, de vos centres d\u2019int\u00e9r\u00eat, de vos pr\u00e9occupations,\u2026<\/p>\n\n\n\n<figure class=\"wp-block-table\"><table class=\"has-fixed-layout\"><tbody><tr><td><strong>Quand ?<\/strong><\/td><td><strong>O\u00f9 ?<\/strong><\/td><td><strong>Quoi ?<\/strong><\/td><\/tr><tr><td><strong>Mercredi 24 janvier, 20 h<\/strong><\/td><td>Salle communale de Glabais<br>Av. E. Philippe 1A<\/td><td>Am\u00e9nagement du territoire, logement,\u2026<\/td><\/tr><tr><td><strong>Mercredi 31 janvier, 20 h<\/strong><\/td><td>Salle communale de Baisy-Thy<br>Rue Saint-Roch<\/td><td>Emploi, \u00e9conomie,\u2026<\/td><\/tr><tr><td><strong>Mardi 6 f\u00e9vrier, 20 h<\/strong><\/td><td>Salle communale d\u2019Houtain-le-Val<br>Rue des Ecoles 8<\/td><td>Energies,\u2026<\/td><\/tr><tr><td><strong>Lundi 12 f\u00e9vrier, de 17 \u00e0 19 h<\/strong><\/td><td>Salle Saint-Martin<br>Grand\u2019Route 15 \u00e0 Ways<\/td><td>Financer le changement,\u2026<\/td><\/tr><tr><td><strong>Mercredi 21 f\u00e9vrier, 20 h<\/strong><\/td><td>au Monty<br>Rue de Charleroi 58 \u00e0 Genappe<\/td><td>Mobilit\u00e9, transports, pi\u00e9tonniers,\u2026<\/td><\/tr><tr><td><strong>Mercredi 13 mars, 20 h<\/strong><\/td><td>O\u2019Pelerin<br>Av. des Combattants 70 \u00e0 Bousval<\/td><td>D\u00e9mocratie participative,\u2026<\/td><\/tr><tr><td><strong>Samedi 23 mars, 11 h<\/strong><\/td><td>Place du Chenoy \u00e0 Loupoigne<\/td><td>Culture, loisirs, sport, jeunesse,\u2026<\/td><\/tr><tr><td><strong>Samedi 30 mars, 11 h<\/strong><\/td><td>Place de Mercurey \u00e0 Vieux-Genappe (devant l\u2019\u00e9glise)<\/td><td>Agriculture, produits locaux,\u2026<\/td><\/tr><tr><td><strong>Mercredi 24 avril, 20 h<\/strong><\/td><td>Salle communale de Baisy-Thy<\/td><td>Strat\u00e9gie politique et de campagne<\/td><\/tr><tr><td><strong>Lundi 20 mai, 20 h<\/strong><\/td><td>Vid\u00e9o-conf\u00e9rence<\/td><td>Strat\u00e9gie politique et de campagne<\/td><\/tr><tr><td><strong>Mardi 2 juillet, 10 h<\/strong><\/td><td>au Monty<\/td><td>La famille (Groupe restreint)<\/td><\/tr><tr><td><strong>Lundi 8 juillet, 19 h<\/strong><\/td><td>au Monty<\/td><td>Am\u00e9nagement du Territoire (Groupe restreint)<\/td><\/tr><tr><td><strong>Mardi 23 juillet, 19 h<\/strong><\/td><td>au Monty<\/td><td>Gouvernance (Groupe restreint)<\/td><\/tr><tr><td><strong>Mercredi 24 juillet, 20 h<\/strong><\/td><td>Vid\u00e9o-conf\u00e9rence<\/td><td>Mobilit\u00e9 (Groupe restreint)<\/td><\/tr><tr><td><strong>Vendredi 26 juillet, 10 h<\/strong><\/td><td>\u00e0 Bousval<\/td><td>Finances communales (Groupe restreint)<\/td><\/tr><tr><td><strong>Samedi 3 ao\u00fbt, 11 h<\/strong><\/td><td>Place du Chenoy \u00e0 Loupoigne<\/td><td>Agriculture, produits locaux,\u2026 (Groupe restreint)<\/td><\/tr><tr><td><strong>Vendredi 9 ao\u00fbt, 10 h 30<\/strong><\/td><td>au Monty<\/td><td>Communication, participation citoyenne (Groupe restreint)<\/td><\/tr><tr><td><strong>Vendredi 16 ao\u00fbt, 17 h<\/strong><\/td><td>au Monty<\/td><td>Communication (Groupe restreint)<\/td><\/tr><tr><td><strong>Lundi 26 ao\u00fbt, 18 h<\/strong><\/td><td>au Monty<\/td><td>Campagne \u00e9lectorale<\/td><\/tr><\/tbody><\/table><\/figure>\n\n\n\n<hr class=\"wp-block-separator has-alpha-channel-opacity\"\/>\n\n\n\n<p class=\"has-bright-red-color has-text-color has-link-color has-medium-font-size wp-elements-eed5b5076ce01abd13291aead413374a\"><img loading=\"lazy\" decoding=\"async\" width=\"19\" height=\"24\" class=\"wp-image-196\" style=\"width: 19px;\" src=\"http:\/\/genappe-ensemble.be\/wp-content\/uploads\/2024\/08\/3GOOD2.gif\" alt=\"\"> Contactez-nous <a href=\"https:\/\/genappe-ensemble.be\/index.php\/contact\/\" data-type=\"page\" data-id=\"64\">ici<\/a><\/p>\n\n\n\n<hr class=\"wp-block-separator has-alpha-channel-opacity\"\/>\n\n\n\n<p><\/p>\n","protected":false},"excerpt":{"rendered":"<p>Les pr\u00e9occupations et les id\u00e9es des citoyen\u2027ne\u2027s Le \u00ab\u00a0sondage\u00a0\u00bb d&rsquo;ENSEMBLE : ici Notre bilan 2018-2024 Le bilan 2018-2024 d&rsquo;ENSEMBLE : ici Nos rencontres citoyennes Afin d\u2019\u00e9tablir sa ligne de conduite et ses priorit\u00e9s, ENSEMBLE a souhait\u00e9 s&rsquo;aligner sur les aspirations des citoyen\u2027ne\u2027s. Nous avons recueilli vos attentes pour le futur de notre commune. Vous avez &hellip; <a href=\"https:\/\/genappe-ensemble.be\/index.php\/ensemble-depuis-2018\/\" class=\"more-link\">Continuer la lecture<span class=\"screen-reader-text\"> de &laquo;&nbsp;ENSEMBLE depuis 2018&nbsp;&raquo;<\/span><\/a><\/p>\n","protected":false},"author":2,"featured_media":0,"parent":0,"menu_order":0,"comment_status":"closed","ping_status":"closed","template":"","meta":{"_monsterinsights_skip_tracking":false,"_monsterinsights_sitenote_active":false,"_monsterinsights_sitenote_note":"","_monsterinsights_sitenote_category":0,"footnotes":""},"class_list":["post-269","page","type-page","status-publish","hentry"],"_links":{"self":[{"href":"https:\/\/genappe-ensemble.be\/index.php\/wp-json\/wp\/v2\/pages\/269","targetHints":{"allow":["GET"]}}],"collection":[{"href":"https:\/\/genappe-ensemble.be\/index.php\/wp-json\/wp\/v2\/pages"}],"about":[{"href":"https:\/\/genappe-ensemble.be\/index.php\/wp-json\/wp\/v2\/types\/page"}],"author":[{"embeddable":true,"href":"https:\/\/genappe-ensemble.be\/index.php\/wp-json\/wp\/v2\/users\/2"}],"replies":[{"embeddable":true,"href":"https:\/\/genappe-ensemble.be\/index.php\/wp-json\/wp\/v2\/comments?post=269"}],"version-history":[{"count":10,"href":"https:\/\/genappe-ensemble.be\/index.php\/wp-json\/wp\/v2\/pages\/269\/revisions"}],"predecessor-version":[{"id":345,"href":"https:\/\/genappe-ensemble.be\/index.php\/wp-json\/wp\/v2\/pages\/269\/revisions\/345"}],"wp:attachment":[{"href":"https:\/\/genappe-ensemble.be\/index.php\/wp-json\/wp\/v2\/media?parent=269"}],"curies":[{"name":"wp","href":"https:\/\/api.w.org\/{rel}","templated":true}]}}