{"id":332,"date":"2024-08-29T15:53:52","date_gmt":"2024-08-29T13:53:52","guid":{"rendered":"https:\/\/genappe-ensemble.be\/?page_id=332"},"modified":"2025-01-18T14:04:03","modified_gmt":"2025-01-18T13:04:03","slug":"la-charte","status":"publish","type":"page","link":"https:\/\/genappe-ensemble.be\/index.php\/la-charte\/","title":{"rendered":"La Charte"},"content":{"rendered":"\n<figure class=\"wp-block-image size-large\"><img loading=\"lazy\" decoding=\"async\" width=\"1024\" height=\"426\" src=\"http:\/\/genappe-ensemble.be\/wp-content\/uploads\/2024\/08\/logo-ensemble-genappe-1024x426.png\" alt=\"\" class=\"wp-image-152\" srcset=\"https:\/\/genappe-ensemble.be\/wp-content\/uploads\/2024\/08\/logo-ensemble-genappe-1024x426.png 1024w, https:\/\/genappe-ensemble.be\/wp-content\/uploads\/2024\/08\/logo-ensemble-genappe-300x125.png 300w, https:\/\/genappe-ensemble.be\/wp-content\/uploads\/2024\/08\/logo-ensemble-genappe-768x319.png 768w, https:\/\/genappe-ensemble.be\/wp-content\/uploads\/2024\/08\/logo-ensemble-genappe-1536x639.png 1536w, https:\/\/genappe-ensemble.be\/wp-content\/uploads\/2024\/08\/logo-ensemble-genappe-2048x852.png 2048w, https:\/\/genappe-ensemble.be\/wp-content\/uploads\/2024\/08\/logo-ensemble-genappe-1200x499.png 1200w\" sizes=\"auto, (max-width: 709px) 85vw, (max-width: 909px) 67vw, (max-width: 1362px) 62vw, 840px\" \/><\/figure>\n\n\n\n<p class=\"has-text-align-center has-medium-font-size\"><strong>Mouvement &#8211; Groupe &#8211; Liste : Charte de bonne conduite<\/strong><\/p>\n\n\n\n<p><strong>Valeurs<\/strong>. La pr\u00e9sentation du Mouvement politique citoyen de Genappe ENSEMBLE peut \u00eatre consult\u00e9e librement sur le site web officiel&nbsp;<\/p>\n\n\n\n<hr class=\"wp-block-separator has-alpha-channel-opacity\"\/>\n\n\n\n<p class=\"has-text-align-center\"><a href=\"https:\/\/genappe-ensemble.be\/index.php\/present\">https:\/\/genappe-ensemble.be\/index.php\/present<\/a><\/p>\n\n\n\n<hr class=\"wp-block-separator has-alpha-channel-opacity\"\/>\n\n\n\n<p>Les <strong>valeurs<\/strong> qui y sont pr\u00e9sent\u00e9es sont : militer pour la d\u00e9mocratie directe; respecter les droits humains; contribuer aux d\u00e9bats avec tol\u00e9rance, inclusion, respect et accueil; et accepter de transformer nos habitudes conform\u00e9ment \u00e0 nos valeurs et nos engagements.<\/p>\n\n\n\n<p><strong>Adh\u00e9sion<\/strong>. Chaque candidat\u00b7e de la liste ou membre du groupe qui la soutient adh\u00e8re librement et volontairement et s&rsquo;engage de ce fait \u00e0 respecter les valeurs d&rsquo;ENSEMBLE Genappe.&nbsp;<\/p>\n\n\n\n<p><strong>Candidat\u00b7e sur la liste \u00e9lectorale<\/strong>. Chaque candidat\u00b7e de la liste \u00e9lectorale d&rsquo;ENSEMBLE Genappe s&rsquo;engage loyalement \u00e0 lui r\u00e9server l&rsquo;exclusivit\u00e9 de son engagement et s&rsquo;interdit de n\u00e9gocier avec d&rsquo;autres listes potentielles ou concurrentes pour y figurer.<\/p>\n\n\n\n<p><strong>Opinions personnelles.<\/strong> Dans les limites des valeurs partag\u00e9es, chaque candidat\u00b7e de la liste ou membre du groupe qui la soutient l&rsquo;est \u00e0 titre personnel et peut garder ses opinions personnelles, politiques ou \u00e9thiques. Il\u00b7elle peut conserver son \u00e9ventuel apparentement \u00e0 un parti politique existant ou \u00e0 un groupe d\u2019opinion structur\u00e9, et peut en faire \u00e9tat sans pr\u00e9judice des objectifs citoyens et non partisans de la liste et du groupe qui la soutient.<\/p>\n\n\n\n<p><strong>Mouvement non partisan<\/strong>. La liste et le groupe qui la soutient ne constituent en aucun cas l\u2019embryon d\u2019un nouveau parti politique ou d\u2019une nouvelle structure partisane. Ni la liste ni le groupe qui la soutient n\u2019est inf\u00e9od\u00e9\u00b7e \u00e0 un parti politique existant ou \u00e0 un groupe d\u2019opinion structur\u00e9, connu ou non.<\/p>\n\n\n\n<p><strong>Contribution \u00e0 l&rsquo;action collective<\/strong>. Chaque candidat\u00b7e de la liste ou membre du groupe qui la soutient s\u2019engage \u00e0 contribuer et \u00e0 renforcer l&rsquo;action collective selon ses moyens et disponibilit\u00e9s. Il s&rsquo;agit de renforcer l&rsquo;action collective d&rsquo;un groupe coh\u00e9rent, compos\u00e9 de personnes compl\u00e9mentaires qui souhaitent travailler ensemble \u00e0 un but commun et d\u00e9sint\u00e9ress\u00e9 pour le bien-\u00eatre des habitant\u2027e\u2027s. Chacun\u00b7e accepte que l&rsquo;action collective progresse en son absence.<\/p>\n\n\n\n<p><strong>\u00c9galit\u00e9 entre les candidat\u00b7e\u00b7s de la liste<\/strong>. Au cours de la campagne \u00e9lectorale, aucun\u00b7e candidat\u00b7e ne b\u00e9n\u00e9ficie d\u2019un traitement moins ou plus favorable \u00e0 celui d\u2019un\u00b7e autre candidat\u00b7e du fait ou de l\u2019action du groupe qui soutient la liste.<\/p>\n\n\n\n<p><strong>Prise de d\u00e9cision et de parole<\/strong>. Les affaires internes et la communication externe du mouvement sont g\u00e9r\u00e9es ensemble en toute convivialit\u00e9.&nbsp;<\/p>\n\n\n\n<p>Par principe, les prises de positions politiques et les communications publiques de la liste ou d&rsquo;un\u00b7e membre du groupe qui la soutient sont d\u00e9cid\u00e9es collectivement au terme d\u2019une recherche du consensus le plus large. Le groupe reconna\u00eet ensuite \u00e0 chacun.e la libert\u00e9 individuelle de motiver une position personnelle de d\u00e9saccord en expliquant les avis en pr\u00e9sence et le motif du d\u00e9saccord personnel.<\/p>\n\n\n\n<p>Chaque candidat\u00b7e de la liste ou membre du groupe qui la soutient s\u2019abstient de parler au nom d&rsquo;ENSEMBLE \u00e0 moins qu&rsquo;il en soit convenu ainsi pr\u00e9alablement et reconna\u00eet le droit aux responsables attitr\u00e9\u00b7e\u00b7s de rectifier les prises de position publiques susceptibles de nuire \u00e0 ENSEMBLE.<\/p>\n\n\n\n<p><strong>Information et vie du mouvement<\/strong>. Les membres du groupe sont inform\u00e9\u00b7e\u00b7s r\u00e9guli\u00e8rement et en toute transparence de l&rsquo;agenda communal et des questions d&rsquo;actualit\u00e9 qui se posent aux \u00e9lu\u00b7e\u00b7s et aux citoyen\u00b7ne\u00b7s.<\/p>\n\n\n\n<p><strong>Devoir de r\u00e9serve et respect d&rsquo;autrui<\/strong>. Les membres du groupe s&rsquo;engagent \u00e0 respecter la confidentialit\u00e9 des d\u00e9bats auxquels ils\u00b7elles assistent en interne et des informations dont ils\u00b7elles prennent connaissance. Ils\u00b7elles s&rsquo;engagent \u00e0 respecter la vie priv\u00e9e et la dignit\u00e9 d&rsquo;autrui.<\/p>\n\n\n\n<hr class=\"wp-block-separator has-alpha-channel-opacity\"\/>\n\n\n\n<p><strong>Pour tout contact<\/strong> : Christine Gilain<br>O472 07 07 17 &#8211; christine.gilain@gmail.com<\/p>\n\n\n\n<hr class=\"wp-block-separator has-alpha-channel-opacity\"\/>\n\n\n\n<p><\/p>\n","protected":false},"excerpt":{"rendered":"<p>Mouvement &#8211; Groupe &#8211; Liste : Charte de bonne conduite Valeurs. La pr\u00e9sentation du Mouvement politique citoyen de Genappe ENSEMBLE peut \u00eatre consult\u00e9e librement sur le site web officiel&nbsp; https:\/\/genappe-ensemble.be\/index.php\/present Les valeurs qui y sont pr\u00e9sent\u00e9es sont : militer pour la d\u00e9mocratie directe; respecter les droits humains; contribuer aux d\u00e9bats avec tol\u00e9rance, inclusion, respect et &hellip; <a href=\"https:\/\/genappe-ensemble.be\/index.php\/la-charte\/\" class=\"more-link\">Continuer la lecture<span class=\"screen-reader-text\"> de &laquo;&nbsp;La Charte&nbsp;&raquo;<\/span><\/a><\/p>\n","protected":false},"author":2,"featured_media":0,"parent":0,"menu_order":0,"comment_status":"closed","ping_status":"closed","template":"","meta":{"_monsterinsights_skip_tracking":false,"_monsterinsights_sitenote_active":false,"_monsterinsights_sitenote_note":"","_monsterinsights_sitenote_category":0,"footnotes":""},"class_list":["post-332","page","type-page","status-publish","hentry"],"_links":{"self":[{"href":"https:\/\/genappe-ensemble.be\/index.php\/wp-json\/wp\/v2\/pages\/332","targetHints":{"allow":["GET"]}}],"collection":[{"href":"https:\/\/genappe-ensemble.be\/index.php\/wp-json\/wp\/v2\/pages"}],"about":[{"href":"https:\/\/genappe-ensemble.be\/index.php\/wp-json\/wp\/v2\/types\/page"}],"author":[{"embeddable":true,"href":"https:\/\/genappe-ensemble.be\/index.php\/wp-json\/wp\/v2\/users\/2"}],"replies":[{"embeddable":true,"href":"https:\/\/genappe-ensemble.be\/index.php\/wp-json\/wp\/v2\/comments?post=332"}],"version-history":[{"count":5,"href":"https:\/\/genappe-ensemble.be\/index.php\/wp-json\/wp\/v2\/pages\/332\/revisions"}],"predecessor-version":[{"id":613,"href":"https:\/\/genappe-ensemble.be\/index.php\/wp-json\/wp\/v2\/pages\/332\/revisions\/613"}],"wp:attachment":[{"href":"https:\/\/genappe-ensemble.be\/index.php\/wp-json\/wp\/v2\/media?parent=332"}],"curies":[{"name":"wp","href":"https:\/\/api.w.org\/{rel}","templated":true}]}}