{"id":375,"date":"2024-09-04T12:13:38","date_gmt":"2024-09-04T10:13:38","guid":{"rendered":"https:\/\/genappe-ensemble.be\/?page_id=375"},"modified":"2024-10-15T11:45:43","modified_gmt":"2024-10-15T09:45:43","slug":"les-idees-densemble-en-detail","status":"publish","type":"page","link":"https:\/\/genappe-ensemble.be\/index.php\/les-idees-densemble-en-detail\/","title":{"rendered":"T\u00e9l\u00e9chargez les id\u00e9es"},"content":{"rendered":"\n<p><strong>ENSEMBLE n&rsquo;est pas un parti politique qui brandit son programme \u00e9lectoral \u00e0 chaque \u00e9lection. ENSEMBLE pr\u00f4ne des id\u00e9es-forces pour Genappe et ses habitant\u00b7e\u00b7s. Nous y travaillons ensemble depuis fin 2023<\/strong>.<strong> <\/strong><\/p>\n\n\n\n<hr class=\"wp-block-separator has-alpha-channel-opacity\"\/>\n\n\n\n<p class=\"has-bright-blue-color has-text-color has-link-color wp-elements-4a788cd7a40cbae8bc780fa0177bdb30\"><img loading=\"lazy\" decoding=\"async\" width=\"19\" height=\"24\" class=\"wp-image-196\" style=\"width: 19px;\" src=\"http:\/\/genappe-ensemble.be\/wp-content\/uploads\/2024\/08\/3GOOD2.gif\" alt=\"\"> C<strong>i-dessous, t\u00e9l\u00e9chargez toutes les id\u00e9es-forces d&rsquo;ENSEMBLE en d\u00e9tail.<\/strong><\/p>\n\n\n\n<hr class=\"wp-block-separator has-alpha-channel-opacity\"\/>\n\n\n\n<p>ENSEMBLE estime que la d\u00e9mocratie repr\u00e9sentative a atteint ses limites et qu\u2019il s\u2019impose&nbsp; dor\u00e9navant d\u2019organiser la d\u00e9mocratie participative des citoyen\u00b7ne\u00b7s de la commune. La communication communale est actuellement r\u00e9duite \u00e0 une information dite \u00ab\u00a0top down\u00a0\u00bb (de haut en bas). Cet alibi de la participation citoyenne doit \u00e9voluer vers une prise en compte, r\u00e9elle et suivie d&rsquo;effets concrets, des avis des citoyen\u00b7ne\u00b7s. Cette citoyennet\u00e9 renforc\u00e9e, en phase avec les pr\u00e9occupations du moment, exige transparence, audace et exemplarit\u00e9 de la commune.<\/p>\n\n\n\n<p>Pour nous qui habitons l\u2019entit\u00e9 communale de Genappe, l&rsquo;\u00e9lection communale offre une occasion de faire un tour d&rsquo;horizon du b\u00e2ti et de nos campagnes. Il faut rendre tout le monde fier d&rsquo;habiter et de travailler dans une commune largement rurale, et d&rsquo;en expliquer les avantages. Comme le chantait si bien William Dunker&nbsp;: \u00ab\u00a0Toudis sul&rsquo; voye\u00a0\u00bb&#8230;<\/p>\n\n\n\n<p class=\"has-text-align-left has-yellow-background-color has-background\"><img loading=\"lazy\" decoding=\"async\" width=\"19\" height=\"24\" class=\"wp-image-196\" style=\"width: 19px;\" src=\"http:\/\/genappe-ensemble.be\/wp-content\/uploads\/2024\/08\/3GOOD2.gif\" alt=\"\"> <strong>Une gouvernance exemplaire et une d\u00e9mocratie participative v\u00e9ritable<\/strong><br><strong> n\u00e9cessitent\u2026<\/strong><\/p>\n\n\n\n<ul class=\"wp-block-list\">\n<li>Des commissions communales obligatoirement compos\u00e9es d&rsquo;habitant\u00b7e\u00b7s et pr\u00e9sid\u00e9es par un\u00b7e citoyen\u00b7ne et pas par un\u00b7e \u00e9lu\u00b7e.<\/li>\n\n\n\n<li>Intensification de la communication communale \u00e0 distance et en temps r\u00e9el (Web, bulletin communal, newsletter).<\/li>\n\n\n\n<li>Soutien syst\u00e9matique aux comit\u00e9s de quartiers.<\/li>\n\n\n\n<li>Retransmission du Conseil communal en ligne.<\/li>\n\n\n\n<li>Pr\u00e9sidence du Conseil communal par un<strong>\u00b7<\/strong><strong>e <\/strong>mandataire non membre du Coll\u00e8ge communal.<\/li>\n<\/ul>\n\n\n\n<p><img loading=\"lazy\" decoding=\"async\" width=\"24\" height=\"15\" class=\"wp-image-124\" style=\"width: 24px;\" src=\"http:\/\/genappe-ensemble.be\/wp-content\/uploads\/2024\/01\/ARRO41E2.gif\" alt=\"\"> <strong>T\u00e9l\u00e9chargez le texte complet des id\u00e9es-forces d&rsquo;ENSEMBLE en mati\u00e8re de Gouvernance et de Participation citoyenne<\/strong><\/p>\n\n\n\n<div class=\"wp-block-file\"><a id=\"wp-block-file--media-2350568e-6bb3-4579-aa15-bcd6052d39d7\" href=\"http:\/\/genappe-ensemble.be\/wp-content\/uploads\/2024\/09\/gouvernance.pdf\">Gouvernance et Participation<\/a><a href=\"http:\/\/genappe-ensemble.be\/wp-content\/uploads\/2024\/09\/gouvernance.pdf\" class=\"wp-block-file__button wp-element-button\" download aria-describedby=\"wp-block-file--media-2350568e-6bb3-4579-aa15-bcd6052d39d7\">T\u00e9l\u00e9charger<\/a><\/div>\n\n\n\n<hr class=\"wp-block-separator has-alpha-channel-opacity\"\/>\n\n\n\n<p class=\"has-text-align-left has-bright-red-background-color has-background\"><img loading=\"lazy\" decoding=\"async\" width=\"19\" height=\"24\" class=\"wp-image-190\" style=\"width: 19px;\" src=\"http:\/\/genappe-ensemble.be\/wp-content\/uploads\/2024\/08\/1GOOD2.gif\" alt=\"\"> <strong>Des finances communales qui soutiennent nos objectifs n\u00e9cessitent de\u2026<\/strong><\/p>\n\n\n\n<ul class=\"wp-block-list\">\n<li>Faire analyser les comptes annuels de la commune par un R\u00e9viseur d&rsquo;entreprise, par souci de validation du travail des services et des responsables communaux, par une autorit\u00e9 ext\u00e9rieure et ind\u00e9pendante.<\/li>\n\n\n\n<li>R\u00e9viser le code communal des taxes afin d\u2019actualiser et d&rsquo;\u00e9liminer les taxes&nbsp; obsol\u00e8tes ou peu pertinentes.<\/li>\n\n\n\n<li>Soutenir l\u2019animation publique (Journ\u00e9es Louis XI, Carnaval, Genappe Perd la Boule, salons et \u00e9v\u00e9nements\u2026), les associations locales (subventions, aides en nature), le renforcement des liens entre associations locales.<\/li>\n<\/ul>\n\n\n\n<p><img loading=\"lazy\" decoding=\"async\" width=\"24\" height=\"15\" class=\"wp-image-124\" style=\"width: 24px;\" src=\"http:\/\/genappe-ensemble.be\/wp-content\/uploads\/2024\/01\/ARRO41E2.gif\" alt=\"\"> <strong>T\u00e9l\u00e9chargez le texte complet des id\u00e9es-forces d&rsquo;ENSEMBLE en mati\u00e8re de Finances communales<\/strong><\/p>\n\n\n\n<div class=\"wp-block-file\"><a id=\"wp-block-file--media-fc7911be-09f8-4162-9fba-081c64035ca8\" href=\"http:\/\/genappe-ensemble.be\/wp-content\/uploads\/2024\/09\/finances-communales.pdf\">Finances-communales<\/a><a href=\"http:\/\/genappe-ensemble.be\/wp-content\/uploads\/2024\/09\/finances-communales.pdf\" class=\"wp-block-file__button wp-element-button\" download aria-describedby=\"wp-block-file--media-fc7911be-09f8-4162-9fba-081c64035ca8\">T\u00e9l\u00e9charger<\/a><\/div>\n\n\n\n<hr class=\"wp-block-separator has-alpha-channel-opacity\"\/>\n\n\n\n<p class=\"has-light-blue-background-color has-background\"><strong><img loading=\"lazy\" decoding=\"async\" width=\"19\" height=\"24\" class=\"wp-image-196\" style=\"width: 19px;\" src=\"http:\/\/genappe-ensemble.be\/wp-content\/uploads\/2024\/08\/3GOOD2.gif\" alt=\"\"> Habiter, vivre et travailler \u00e0 Genappe n\u00e9cessitent\u2026<\/strong><\/p>\n\n\n\n<ul class=\"wp-block-list\">\n<li>R\u00e9daction et diffusion de guides d&rsquo;urbanisme pour un am\u00e9nagement du territoire clarifi\u00e9, soucieux de la pr\u00e9servation du caract\u00e8re rural, donnant la priorit\u00e9 \u00e0 la r\u00e9novation bas carbone et aux logements adapt\u00e9s aux besoins de chaque cat\u00e9gorie de la population.<\/li>\n\n\n\n<li>Soumission de chaque nouveau projet urbanistique communal \u00e0 un atelier citoyen, par exemple l&rsquo;utilisation de la Maison Beghin, les am\u00e9nagements du Parc de la Dyle,\u2026<\/li>\n\n\n\n<li>R\u00e9habilitation du site de l&rsquo;ancienne sucrerie et du dernier silo, dernier vestige de la sucrerie, avec une attention \u00e0 la cr\u00e9ation d&#8217;emplois de qualit\u00e9 \u00e0 travers l\u2019accueil, sur une zone \u00e9conomique propice, des PME, de l&rsquo;artisanat, des initiatives culturelles.<\/li>\n\n\n\n<li>Renforcement de l&rsquo;aide et des conseils dispens\u00e9s aux citoyens pour accentuer l&rsquo;autonomie \u00e9nerg\u00e9tique des logements priv\u00e9s.<\/li>\n\n\n\n<li>Cr\u00e9ation du Conseil consultatif communal des a\u00een\u00e9\u00b7e\u00b7s.<\/li>\n\n\n\n<li>Valorisation de l\u2019agriculture et des circuits courts.<\/li>\n\n\n\n<li>Communication sur le monitoring de la qualit\u00e9 de l\u2019eau, la propret\u00e9 de la Dyle&nbsp; et sur la pr\u00e9sence de pesticides aux abords des \u00e9coles.<\/li>\n\n\n\n<li>Soutien du d\u00e9veloppement d\u2019un habitat r\u00e9pondant aux besoins de chaque habitant\u00b7e.<\/li>\n<\/ul>\n\n\n\n<p><img loading=\"lazy\" decoding=\"async\" width=\"24\" height=\"15\" class=\"wp-image-124\" style=\"width: 24px;\" src=\"http:\/\/genappe-ensemble.be\/wp-content\/uploads\/2024\/01\/ARRO41E2.gif\" alt=\"\"> <strong>T\u00e9l\u00e9chargez le texte complet des id\u00e9es-forces d&rsquo;ENSEMBLE pour Habiter, Vivre et Travailler \u00e0 Genappe<\/strong><\/p>\n\n\n\n<div class=\"wp-block-file\"><a id=\"wp-block-file--media-6281708b-b5c6-420c-ad15-3bdbd7c0d0a4\" href=\"http:\/\/genappe-ensemble.be\/wp-content\/uploads\/2024\/09\/habiter.pdf\">Habiter-Vivre-Travailler<\/a><a href=\"http:\/\/genappe-ensemble.be\/wp-content\/uploads\/2024\/09\/habiter.pdf\" class=\"wp-block-file__button wp-element-button\" download aria-describedby=\"wp-block-file--media-6281708b-b5c6-420c-ad15-3bdbd7c0d0a4\">T\u00e9l\u00e9charger<\/a><\/div>\n\n\n\n<hr class=\"wp-block-separator has-alpha-channel-opacity\"\/>\n\n\n\n<p class=\"has-background\" style=\"background-color:#00ff00\"><strong><img loading=\"lazy\" decoding=\"async\" width=\"19\" height=\"24\" class=\"wp-image-196\" style=\"width: 19px;\" src=\"http:\/\/genappe-ensemble.be\/wp-content\/uploads\/2024\/08\/3GOOD2.gif\" alt=\"\"> La mobilit\u00e9 : Mieux se d\u00e9placer en s\u00e9curit\u00e9 n\u00e9cessite<\/strong><\/p>\n\n\n\n<ul class=\"wp-block-list\">\n<li>R\u00e9vision de l\u2019organisation du centre de Genappe pour limiter le trafic de transit.<\/li>\n\n\n\n<li>Oxyg\u00e9nation de la Commission communale de circulation et du plan communal de mobilit\u00e9 (PCM) par la participation des habitant\u00b7e\u00b7s.<\/li>\n\n\n\n<li>Soutien accru de l&rsquo;usage des voitures partag\u00e9es et des bornes \u00e9lectriques de recharge.<\/li>\n\n\n\n<li>Poursuivre la r\u00e9alisation du plan cyclable communal.<\/li>\n\n\n\n<li>\u00c9tude des besoins et des souhaits des habitant\u00b7e\u00b7s concernant un transport \u00e0 la demande (TAD) entre les villages et entre les villages p\u00e9riph\u00e9riques et le centre de Genappe.&nbsp;<\/li>\n<\/ul>\n\n\n\n<p><img loading=\"lazy\" decoding=\"async\" width=\"24\" height=\"15\" class=\"wp-image-124\" style=\"width: 24px;\" src=\"http:\/\/genappe-ensemble.be\/wp-content\/uploads\/2024\/01\/ARRO41E2.gif\" alt=\"\"> <strong>T\u00e9l\u00e9chargez le texte complet des id\u00e9es-forces d&rsquo;ENSEMBLE sur la Mobilit\u00e9 \u00e0 Genappe<\/strong><\/p>\n\n\n\n<div class=\"wp-block-file\"><a id=\"wp-block-file--media-edd240c9-4f87-467c-8ef1-489194a425ad\" href=\"http:\/\/genappe-ensemble.be\/wp-content\/uploads\/2024\/09\/mobilite.pdf\">Mobilit\u00e9<\/a><a href=\"http:\/\/genappe-ensemble.be\/wp-content\/uploads\/2024\/09\/mobilite.pdf\" class=\"wp-block-file__button wp-element-button\" download aria-describedby=\"wp-block-file--media-edd240c9-4f87-467c-8ef1-489194a425ad\">T\u00e9l\u00e9charger<\/a><\/div>\n\n\n\n<hr class=\"wp-block-separator has-alpha-channel-opacity\"\/>\n\n\n\n<figure class=\"wp-block-image size-large\"><img loading=\"lazy\" decoding=\"async\" width=\"1024\" height=\"144\" src=\"http:\/\/genappe-ensemble.be\/wp-content\/uploads\/2024\/08\/logo-ensemble-genappe-isole-1024x144.png\" alt=\"\" class=\"wp-image-153\" srcset=\"https:\/\/genappe-ensemble.be\/wp-content\/uploads\/2024\/08\/logo-ensemble-genappe-isole-1024x144.png 1024w, https:\/\/genappe-ensemble.be\/wp-content\/uploads\/2024\/08\/logo-ensemble-genappe-isole-300x42.png 300w, https:\/\/genappe-ensemble.be\/wp-content\/uploads\/2024\/08\/logo-ensemble-genappe-isole-768x108.png 768w, https:\/\/genappe-ensemble.be\/wp-content\/uploads\/2024\/08\/logo-ensemble-genappe-isole-1536x216.png 1536w, https:\/\/genappe-ensemble.be\/wp-content\/uploads\/2024\/08\/logo-ensemble-genappe-isole-2048x288.png 2048w, https:\/\/genappe-ensemble.be\/wp-content\/uploads\/2024\/08\/logo-ensemble-genappe-isole-1200x169.png 1200w\" sizes=\"auto, (max-width: 709px) 85vw, (max-width: 909px) 67vw, (max-width: 1362px) 62vw, 840px\" \/><\/figure>\n\n\n\n<p><\/p>\n","protected":false},"excerpt":{"rendered":"<p>ENSEMBLE n&rsquo;est pas un parti politique qui brandit son programme \u00e9lectoral \u00e0 chaque \u00e9lection. ENSEMBLE pr\u00f4ne des id\u00e9es-forces pour Genappe et ses habitant\u00b7e\u00b7s. Nous y travaillons ensemble depuis fin 2023. Ci-dessous, t\u00e9l\u00e9chargez toutes les id\u00e9es-forces d&rsquo;ENSEMBLE en d\u00e9tail. ENSEMBLE estime que la d\u00e9mocratie repr\u00e9sentative a atteint ses limites et qu\u2019il s\u2019impose&nbsp; dor\u00e9navant d\u2019organiser la d\u00e9mocratie &hellip; <a href=\"https:\/\/genappe-ensemble.be\/index.php\/les-idees-densemble-en-detail\/\" class=\"more-link\">Continuer la lecture<span class=\"screen-reader-text\"> de &laquo;&nbsp;T\u00e9l\u00e9chargez les id\u00e9es&nbsp;&raquo;<\/span><\/a><\/p>\n","protected":false},"author":2,"featured_media":0,"parent":0,"menu_order":0,"comment_status":"closed","ping_status":"closed","template":"","meta":{"_monsterinsights_skip_tracking":false,"_monsterinsights_sitenote_active":false,"_monsterinsights_sitenote_note":"","_monsterinsights_sitenote_category":0,"footnotes":""},"class_list":["post-375","page","type-page","status-publish","hentry"],"_links":{"self":[{"href":"https:\/\/genappe-ensemble.be\/index.php\/wp-json\/wp\/v2\/pages\/375","targetHints":{"allow":["GET"]}}],"collection":[{"href":"https:\/\/genappe-ensemble.be\/index.php\/wp-json\/wp\/v2\/pages"}],"about":[{"href":"https:\/\/genappe-ensemble.be\/index.php\/wp-json\/wp\/v2\/types\/page"}],"author":[{"embeddable":true,"href":"https:\/\/genappe-ensemble.be\/index.php\/wp-json\/wp\/v2\/users\/2"}],"replies":[{"embeddable":true,"href":"https:\/\/genappe-ensemble.be\/index.php\/wp-json\/wp\/v2\/comments?post=375"}],"version-history":[{"count":17,"href":"https:\/\/genappe-ensemble.be\/index.php\/wp-json\/wp\/v2\/pages\/375\/revisions"}],"predecessor-version":[{"id":577,"href":"https:\/\/genappe-ensemble.be\/index.php\/wp-json\/wp\/v2\/pages\/375\/revisions\/577"}],"wp:attachment":[{"href":"https:\/\/genappe-ensemble.be\/index.php\/wp-json\/wp\/v2\/media?parent=375"}],"curies":[{"name":"wp","href":"https:\/\/api.w.org\/{rel}","templated":true}]}}