{"id":51,"date":"2024-01-14T15:19:52","date_gmt":"2024-01-14T14:19:52","guid":{"rendered":"http:\/\/genappe-ensemble.be\/?page_id=51"},"modified":"2025-01-18T15:26:41","modified_gmt":"2025-01-18T14:26:41","slug":"present","status":"publish","type":"page","link":"https:\/\/genappe-ensemble.be\/index.php\/present\/","title":{"rendered":"Qui sommes-nous\u00a0?"},"content":{"rendered":"\n<p><strong>Depuis 2018, ENSEMBLE est un mouvement de citoyennes et citoyens de la commune de Genappe, en Brabant wallon, motiv\u00e9\u2027e\u2027s par la vie quotidienne des habitant\u2027e\u2027s et les enjeux d&rsquo;une n\u00e9cessaire transformation de nos habitudes.<\/strong><\/p>\n\n\n\n<p><strong>Nous habitons Baisy-Thy, Bousval, Genappe, Glabais, Houtain-le-Val, Loupoigne, Vieux-Genappe. Nous sommes fier\u2027e\u2027s de nos villages, de nos quartiers et nous nous pr\u00e9occupons de leur avenir.<\/strong> <strong>Nous acons occup\u00e9 un si\u00e8ge au Conseil communal de Genappe, de 2018 \u00e0 2024, ce qui nous a aid\u00e9 \u00e0&nbsp; construire un v\u00e9ritable mouvement citoyen, ensemble, avec vous !<\/strong><\/p>\n\n\n\n<p>Nous voulons un Genappe o\u00f9 l&rsquo;on veille \u00e0 l&rsquo;utilisation parcimonieuse du territoire, o\u00f9 on d\u00e9veloppe les circuits courts et des emplois locaux de qualit\u00e9, o\u00f9 les jeunes et les plus \u00e2g\u00e9s ont un place, o\u00f9 l&rsquo;on veille \u00e0 ce que chacun vive dignement.<\/p>\n\n\n\n<p>Nous voulons un Genappe o\u00f9 l&rsquo;on se remet en question : pour une gestion communale transparente, \u00e9valu\u00e9e, audit\u00e9e, porteuse de projets, soucieuse du bien-\u00eatre des habitant.e.s et de la plan\u00e8te.<\/p>\n\n\n\n<p class=\"has-bright-red-color has-text-color has-link-color wp-elements-07fd5ee9dec22aaeedb90cbff94b6054\"> <img loading=\"lazy\" decoding=\"async\" width=\"24\" height=\"12\" class=\"wp-image-121\" style=\"width: 24px;\" src=\"http:\/\/genappe-ensemble.be\/wp-content\/uploads\/2024\/01\/ARRO2E2.gif\" alt=\"\"> <strong>ENSEMBLE dans l&rsquo;action<\/strong><\/p>\n\n\n\n<ul class=\"wp-block-list\">\n<li>agit pour sortir du d\u00e9faitisme ambiant, des recettes habituelles, et des querelles des partis traditionnels. Nous sommes impliqu\u00e9.e.s dans la vie associative, les \u00e9v\u00e9nements, les quartiers. Nous souhaitons ouvrir des chantiers-cl\u00e9s pour am\u00e9liorer notre commune.<\/li>\n<\/ul>\n\n\n\n<p class=\"has-bright-red-color has-text-color has-link-color wp-elements-bc2a2eb8a6185fa8159a5a7055fac971\"> <img loading=\"lazy\" decoding=\"async\" width=\"24\" height=\"12\" class=\"wp-image-121\" style=\"width: 24px;\" src=\"http:\/\/genappe-ensemble.be\/wp-content\/uploads\/2024\/01\/ARRO2E2.gif\" alt=\"\"> <strong>ENSEMBLE dans les valeurs<\/strong><\/p>\n\n\n\n<ul class=\"wp-block-list\">\n<li>milite pour une plus grande d\u00e9mocratie directe dans la gestion des affaires communales : les citoyens ont voix au chapitre !  Il faut \u00e9largir la participation citoyenne pour les \u00e9couter, les entendre et r\u00e9aliser les propositions retenues.<\/li>\n\n\n\n<li>respecte les droits humains et la d\u00e9mocratie (repr\u00e9sentative et participative) : pas de place au racisme, \u00e9galit\u00e9 entre hommes et femmes.<\/li>\n\n\n\n<li>fait \u00e9merger les id\u00e9es et contribue aux d\u00e9bats avec tol\u00e9rance, inclusion, respect et accueil.<\/li>\n\n\n\n<li>accepte de transformer nos habitudes conform\u00e9ment \u00e0 nos valeurs et nos engagements.<\/li>\n<\/ul>\n\n\n\n<p class=\"has-bright-red-color has-text-color has-link-color wp-elements-7493980a387bb602332aaaea70c04d82\"> <img loading=\"lazy\" decoding=\"async\" width=\"24\" height=\"12\" class=\"wp-image-121\" style=\"width: 24px;\" src=\"http:\/\/genappe-ensemble.be\/wp-content\/uploads\/2024\/01\/ARRO2E2.gif\" alt=\"\"> <strong>ENSEMBLE \u00e0 la commune<\/strong><\/p>\n\n\n\n<ul class=\"wp-block-list\">\n<li>aspire \u00e0 gouverner la commune suivant ses valeurs<\/li>\n\n\n\n<li>avec sa repr\u00e9sentation communale, a relay\u00e9 les pr\u00e9occupations des habitants des huit villages et des quartiers<\/li>\n\n\n\n<li>vise \u00e0 soutenir et d\u00e9velopper des projets qui r\u00e9pondent aux urgences et aux besoins. Avec ENSEMBLE, je suis un.e acteur.rice du futur de ma commune, si je le veux.<\/li>\n<\/ul>\n\n\n\n<p class=\"has-bright-red-color has-text-color has-link-color wp-elements-3c160a437644d51d6284ed716f08957d\"> <img loading=\"lazy\" decoding=\"async\" width=\"24\" height=\"12\" class=\"wp-image-121\" style=\"width: 24px;\" src=\"http:\/\/genappe-ensemble.be\/wp-content\/uploads\/2024\/01\/ARRO2E2.gif\" alt=\"\"> <strong>ENSEMBLE est diff\u00e9rent<\/strong><\/p>\n\n\n\n<ul class=\"wp-block-list\">\n<li>est un mouvement politique de l&rsquo;entit\u00e9 communale de Genappe, pluraliste et ind\u00e9pendant des partis traditionnels.<\/li>\n\n\n\n<li>veut repr\u00e9senter les habitant.e.s qui pensent la commune au-del\u00e0 des clivages politiques et des querelles individuelles, pour le bien commun; chacun.e peut conserver et afficher sa \u00ab\u00a0couleur\u00a0\u00bb tout en restant dans le dialogue et la construction des id\u00e9es communes.<\/li>\n\n\n\n<li>veut que les affaires communales soient g\u00e9r\u00e9es en y incluant une r\u00e9elle participation des citoyen.ne.s \u00e0 tous les niveaux.<\/li>\n<\/ul>\n","protected":false},"excerpt":{"rendered":"<p>Depuis 2018, ENSEMBLE est un mouvement de citoyennes et citoyens de la commune de Genappe, en Brabant wallon, motiv\u00e9\u2027e\u2027s par la vie quotidienne des habitant\u2027e\u2027s et les enjeux d&rsquo;une n\u00e9cessaire transformation de nos habitudes. Nous habitons Baisy-Thy, Bousval, Genappe, Glabais, Houtain-le-Val, Loupoigne, Vieux-Genappe. Nous sommes fier\u2027e\u2027s de nos villages, de nos quartiers et nous nous &hellip; <a href=\"https:\/\/genappe-ensemble.be\/index.php\/present\/\" class=\"more-link\">Continuer la lecture<span class=\"screen-reader-text\"> de &laquo;&nbsp;Qui sommes-nous\u00a0?&nbsp;&raquo;<\/span><\/a><\/p>\n","protected":false},"author":2,"featured_media":0,"parent":0,"menu_order":0,"comment_status":"closed","ping_status":"closed","template":"","meta":{"_monsterinsights_skip_tracking":false,"_monsterinsights_sitenote_active":false,"_monsterinsights_sitenote_note":"","_monsterinsights_sitenote_category":0,"footnotes":""},"class_list":["post-51","page","type-page","status-publish","hentry"],"_links":{"self":[{"href":"https:\/\/genappe-ensemble.be\/index.php\/wp-json\/wp\/v2\/pages\/51","targetHints":{"allow":["GET"]}}],"collection":[{"href":"https:\/\/genappe-ensemble.be\/index.php\/wp-json\/wp\/v2\/pages"}],"about":[{"href":"https:\/\/genappe-ensemble.be\/index.php\/wp-json\/wp\/v2\/types\/page"}],"author":[{"embeddable":true,"href":"https:\/\/genappe-ensemble.be\/index.php\/wp-json\/wp\/v2\/users\/2"}],"replies":[{"embeddable":true,"href":"https:\/\/genappe-ensemble.be\/index.php\/wp-json\/wp\/v2\/comments?post=51"}],"version-history":[{"count":13,"href":"https:\/\/genappe-ensemble.be\/index.php\/wp-json\/wp\/v2\/pages\/51\/revisions"}],"predecessor-version":[{"id":617,"href":"https:\/\/genappe-ensemble.be\/index.php\/wp-json\/wp\/v2\/pages\/51\/revisions\/617"}],"wp:attachment":[{"href":"https:\/\/genappe-ensemble.be\/index.php\/wp-json\/wp\/v2\/media?parent=51"}],"curies":[{"name":"wp","href":"https:\/\/api.w.org\/{rel}","templated":true}]}}