{"id":559,"date":"2024-10-15T11:01:31","date_gmt":"2024-10-15T09:01:31","guid":{"rendered":"https:\/\/genappe-ensemble.be\/?page_id=559"},"modified":"2025-01-18T13:47:36","modified_gmt":"2025-01-18T12:47:36","slug":"election-communale-2024-2","status":"publish","type":"page","link":"https:\/\/genappe-ensemble.be\/index.php\/election-communale-2024-2\/","title":{"rendered":"13 octobre 2024 : Bilan et avis"},"content":{"rendered":"\n<figure class=\"wp-block-image size-large\"><img loading=\"lazy\" decoding=\"async\" width=\"1024\" height=\"683\" src=\"http:\/\/genappe-ensemble.be\/wp-content\/uploads\/2024\/09\/pexels-elevate-3009769-1024x683.jpg\" alt=\"\" class=\"wp-image-500\" srcset=\"https:\/\/genappe-ensemble.be\/wp-content\/uploads\/2024\/09\/pexels-elevate-3009769-1024x683.jpg 1024w, https:\/\/genappe-ensemble.be\/wp-content\/uploads\/2024\/09\/pexels-elevate-3009769-300x200.jpg 300w, https:\/\/genappe-ensemble.be\/wp-content\/uploads\/2024\/09\/pexels-elevate-3009769-768x512.jpg 768w, https:\/\/genappe-ensemble.be\/wp-content\/uploads\/2024\/09\/pexels-elevate-3009769-1536x1024.jpg 1536w\" sizes=\"auto, (max-width: 709px) 85vw, (max-width: 909px) 67vw, (max-width: 1362px) 62vw, 840px\" \/><\/figure>\n\n\n\n<p><\/p>\n\n\n\n<p>ENSEMBLE remercie chaleureusement les \u00e9lecteur\u2022rice\u2022s qui ont vot\u00e9 pour sa liste. Malheureusement, cela n&rsquo;a pas suffi. La liste ENSEMBLE a fait campagne \u00e0 l&rsquo;\u00e9lection communale de Genappe avec le slogan \u00ab\u00a0Une autre voi(x)e est possible\u00a0\u00bb pour consolider, voire \u00e9largir, sa repr\u00e9sentation citoyenne. Avec 4,26 % des voix re\u00e7ues le 13 octobre 2024 contre 7,93 % en 2018,\u00a0 les \u00e9lecteur\u2022rice\u2022s en ont d\u00e9cid\u00e9 autrement et la liste ENSEMBLE a perdu son si\u00e8ge au Conseil communal.\u00a0<\/p>\n\n\n\n<p>La bipolarisation entre les deux listes concurrentes pour la majorit\u00e9 et le mayorat a sans doute d\u00e9clench\u00e9 le r\u00e9flexe du vote utile aupr\u00e8s des \u00e9lecteur\u2022rice\u2022s. La campagne massive d&rsquo;affichage et de publications dans les bo\u00eetes aux lettres aura rarement atteint un tel niveau. Le proc\u00e9d\u00e9 reste efficace et fait vivre les m\u00e9tiers et entreprises des arts graphiques. En tout cas, ENSEMBLE privil\u00e9gie les contacts directs avec les gens et a limit\u00e9 au maximum l\u2019impact environnemental de sa campagne.<\/p>\n\n\n\n<p>Quelle conclusion faut-il tirer de ce scrutin ?&nbsp; La participation est-elle devenue une moindre pr\u00e9occupation pour les citoyen\u2022ne\u2022s ?  Nous pensons que c\u2019est loin d\u2019\u00eatre le cas. Au contraire, nous avons vu les listes s\u2019emparer de cet enjeu de fa\u00e7on bien plus marqu\u00e9e que par le pass\u00e9. C\u2019est aussi le cas de la liste victorieuse et c\u2019est totalement r\u00e9jouissant. Nous ne pouvons cependant pas cacher nos craintes. Quasiment absente du programme des laur\u00e9ats, la participation s\u2019est invit\u00e9e \u00e0 la derni\u00e8re minute et a \u00e9t\u00e9 organis\u00e9e en d\u00e9pit de certaines r\u00e8gles de base. Cela g\u00e9n\u00e8re bien ce double sentiment : r\u00e9jouissance que le sujet soit primordial \u00e0 nouveau et craintes qu\u2019on n\u2019en reste \u00e0 des effets d\u2019annonce.&nbsp;<\/p>\n\n\n\n<p>D\u2019autre part, les d\u00e9fis pour la commune de Genappe et ses habitant\u2022e\u2022s deviennent de plus en plus importants et complexes \u00e0 g\u00e9rer : \u00e9nergie, seniors, pollution et sant\u00e9, environnement rural, acc\u00e8s au logement,&#8230; Il est donc plus que jamais primordial d\u2019\u00e9couter, de dialoguer, et de construire un avenir qui rassemble, pour apporter des solutions fortes, soutenues par une large majorit\u00e9.<\/p>\n\n\n\n<p>Mais ENSEMBLE continue !&nbsp; Son&nbsp; travail citoyen se poursuit. \u00c0 travers la campagne \u00e9lectorale qu&rsquo;ENSEMBLE a pr\u00e9par\u00e9e depuis fin 2023, le mouvement citoyen s&rsquo;est renforc\u00e9 autour des candidat\u2022e\u2022s de sa liste pour soutenir la participation citoyenne dans le travail de quartier et de village. Le Mouvement ENSEMBLE est, d\u00e8s \u00e0 pr\u00e9sent, motiv\u00e9 par cet objectif, qui est sa vocation premi\u00e8re. Au lendemain de l&rsquo;\u00e9lection communale, les id\u00e9es-forces pr\u00f4n\u00e9es par ENSEMBLE ne constituent pas un programme \u00e9lectoral jet\u00e9 aux oubliettes de l&rsquo;histoire. Au contraire, le travail de fond r\u00e9alis\u00e9 va permettre aux citoyen\u2022ne\u2022s d&rsquo;appr\u00e9hender davantage leur quotidien et leur lieu de vie pour \u00e9laborer des solutions. Nous y veillerons tant que faire se peut m\u00eame en l\u2019absence d\u2019un si\u00e8ge au Conseil communal.<\/p>\n\n\n\n<p>Le Mouvement ENSEMBLE, il convient de le rappeler, n&rsquo;est pas un parti politique mais un mouvement de citoyen\u2022ne\u2022s de la commune de Genappe, motiv\u00e9\u2022e\u2022s par la vie quotidienne des habitant\u2022e\u2022s et les enjeux d\u2019une n\u00e9cessaire transformation de nos habitudes. Ces aspects vous tiennent aussi \u00e0 c\u0153ur ? Rejoignez-nous, on a besoin de vous ! Nous recherchons des relais de quartier, des passionn\u00e9\u2022e\u2022s d\u2019environnement, de social, de finances, de participation,\u2026&nbsp;<br><\/p>\n\n\n\n<hr class=\"wp-block-separator has-alpha-channel-opacity\"\/>\n\n\n\n<p>Contact : Christine Gilain &#8211; 0472 07 07 17 \u2013 <a href=\"mailto:christine.gilain@gmail.com\">christine.gilain@gmail.com<\/a><\/p>\n\n\n\n<p><\/p>\n","protected":false},"excerpt":{"rendered":"<p>ENSEMBLE remercie chaleureusement les \u00e9lecteur\u2022rice\u2022s qui ont vot\u00e9 pour sa liste. Malheureusement, cela n&rsquo;a pas suffi. La liste ENSEMBLE a fait campagne \u00e0 l&rsquo;\u00e9lection communale de Genappe avec le slogan \u00ab\u00a0Une autre voi(x)e est possible\u00a0\u00bb pour consolider, voire \u00e9largir, sa repr\u00e9sentation citoyenne. Avec 4,26 % des voix re\u00e7ues le 13 octobre 2024 contre 7,93 % &hellip; <a href=\"https:\/\/genappe-ensemble.be\/index.php\/election-communale-2024-2\/\" class=\"more-link\">Continuer la lecture<span class=\"screen-reader-text\"> de &laquo;&nbsp;13 octobre 2024 : Bilan et avis&nbsp;&raquo;<\/span><\/a><\/p>\n","protected":false},"author":2,"featured_media":0,"parent":0,"menu_order":0,"comment_status":"closed","ping_status":"closed","template":"","meta":{"_monsterinsights_skip_tracking":false,"_monsterinsights_sitenote_active":false,"_monsterinsights_sitenote_note":"","_monsterinsights_sitenote_category":0,"footnotes":""},"class_list":["post-559","page","type-page","status-publish","hentry"],"_links":{"self":[{"href":"https:\/\/genappe-ensemble.be\/index.php\/wp-json\/wp\/v2\/pages\/559","targetHints":{"allow":["GET"]}}],"collection":[{"href":"https:\/\/genappe-ensemble.be\/index.php\/wp-json\/wp\/v2\/pages"}],"about":[{"href":"https:\/\/genappe-ensemble.be\/index.php\/wp-json\/wp\/v2\/types\/page"}],"author":[{"embeddable":true,"href":"https:\/\/genappe-ensemble.be\/index.php\/wp-json\/wp\/v2\/users\/2"}],"replies":[{"embeddable":true,"href":"https:\/\/genappe-ensemble.be\/index.php\/wp-json\/wp\/v2\/comments?post=559"}],"version-history":[{"count":6,"href":"https:\/\/genappe-ensemble.be\/index.php\/wp-json\/wp\/v2\/pages\/559\/revisions"}],"predecessor-version":[{"id":608,"href":"https:\/\/genappe-ensemble.be\/index.php\/wp-json\/wp\/v2\/pages\/559\/revisions\/608"}],"wp:attachment":[{"href":"https:\/\/genappe-ensemble.be\/index.php\/wp-json\/wp\/v2\/media?parent=559"}],"curies":[{"name":"wp","href":"https:\/\/api.w.org\/{rel}","templated":true}]}}