{"id":58,"date":"2024-01-14T15:29:06","date_gmt":"2024-01-14T14:29:06","guid":{"rendered":"http:\/\/genappe-ensemble.be\/?page_id=58"},"modified":"2024-11-28T16:48:17","modified_gmt":"2024-11-28T15:48:17","slug":"sondage","status":"publish","type":"page","link":"https:\/\/genappe-ensemble.be\/index.php\/sondage\/","title":{"rendered":"Le \u00ab\u00a0sondage\u00a0\u00bb 2024"},"content":{"rendered":"\n<p>ENSEMBLE, avec vos avis dont vous nous avez fait part depuis 2018, a r\u00e9fl\u00e9chi \u00e0 l&rsquo;actualit\u00e9 de la commune et aux enjeux qui sont les n\u00f4tres pour 2024-2030. <\/p>\n\n\n\n<p>En 2024, vous avez pu nous faire part de vos centres d&rsquo;int\u00e9r\u00eat et de vos pr\u00e9occupations lors d&rsquo;une tourn\u00e9e des villages et de rencontres citoyennes.<\/p>\n\n\n\n<hr class=\"wp-block-separator has-alpha-channel-opacity\"\/>\n\n\n\n<p>Au cas o\u00f9, malheureusement, vous n&rsquo;avez pas pu vous d\u00e9placer, vous avez pu donner votre avis au moyen d&rsquo;un formulaire sur Internet. Un espace \u00ab\u00a0Autres\u2026\u00a0\u00bb \u00e9tait pr\u00e9vu en compl\u00e9ment des th\u00e8mes propos\u00e9s. Nous avions retenu 8 th\u00e9matiques mais ce ne sont ne sont probablement pas vos seules pr\u00e9occupations pour la commune.<\/p>\n\n\n\n<hr class=\"wp-block-separator has-alpha-channel-opacity\"\/>\n\n\n\n<p>Dans le cas o\u00f9 vous ne pouviez pas compl\u00e9ter le formulaire en ligne, vous avez pu le d\u00e9poser dans l&rsquo;une des bo\u00eetes aux lettres d&rsquo;ENSEMBLE :<\/p>\n\n\n\n<figure class=\"wp-block-table\"><table><tbody><tr><td><strong>Village<\/strong><\/td><td><strong>Adresse<\/strong><\/td><\/tr><tr><td>BAISY-THY<\/td><td>Chant des Oiseaux  16<\/td><\/tr><tr><td>BOUSVAL<\/td><td>Avenue des Combattants  10<br>ou<br>Dr\u00e8ve de Limauge  11<\/td><\/tr><tr><td>GENAPPE<\/td><td>Rue de Charleroi  55<\/td><\/tr><tr><td>GLABAIS<\/td><td>Rue Wilquet Werner  3<\/td><\/tr><tr><td>HOUTAIN-LE-VAL<\/td><td>Rue de R\u00eaves  21<\/td><\/tr><tr><td>LOUPOIGNE<\/td><td>Chauss\u00e9e de Charleroi  54<\/td><\/tr><tr><td>VIEUX-GENAPPE<\/td><td>Chemin de Messe  9<\/td><\/tr><tr><td>WAYS<\/td><td>Grand&rsquo;Route  75<\/td><\/tr><\/tbody><\/table><\/figure>\n\n\n\n<hr class=\"wp-block-separator has-alpha-channel-opacity\"\/>\n\n\n\n<p><img loading=\"lazy\" decoding=\"async\" width=\"19\" height=\"24\" class=\"wp-image-196\" style=\"width: 19px;\" src=\"http:\/\/genappe-ensemble.be\/wp-content\/uploads\/2024\/08\/3GOOD2.gif\" alt=\"\"> <strong>Voici les principaux r\u00e9sultats indicatifs de ce sondage sans pr\u00e9tention<\/strong><\/p>\n\n\n\n<p>42 formulaires re\u00e7us, dont 13 de Bousval, compl\u00e9t\u00e9s par une dizaine d&rsquo;avis en vis-\u00e0-vis.<\/p>\n\n\n\n<p>Le pivot de l&rsquo;\u00e2ge des r\u00e9pondants \u00e9tait \u00e0 50 ans (10 %  pour les moins de 50).<\/p>\n\n\n\n<p>Les 5 pr\u00e9occupations pl\u00e9biscit\u00e9es :<br>&#8211; Les projets qui associent une r\u00e9elle participation citoyenne (93 %);<br>&#8211; La pression immobili\u00e8re et la r\u00e9novation des logements (93 %);<br>&#8211; L&rsquo;autonomie alimentaire (86 %);<br>&#8211; Les moyens de d\u00e9placement (74 %) : v\u00e9lo, transport \u00e0 la demande (TAD);<br>&#8211; La r\u00e9novation du centre de Genappe et la circulation (62 %);.<\/p>\n\n\n\n<p>Parmi les avis exprim\u00e9s : F\u00e9licitation et reconnaissance pour  le relais citoyen vers la commune.<\/p>\n\n\n\n<hr class=\"wp-block-separator has-alpha-channel-opacity\"\/>\n\n\n\n<p><\/p>\n","protected":false},"excerpt":{"rendered":"<p>ENSEMBLE, avec vos avis dont vous nous avez fait part depuis 2018, a r\u00e9fl\u00e9chi \u00e0 l&rsquo;actualit\u00e9 de la commune et aux enjeux qui sont les n\u00f4tres pour 2024-2030. En 2024, vous avez pu nous faire part de vos centres d&rsquo;int\u00e9r\u00eat et de vos pr\u00e9occupations lors d&rsquo;une tourn\u00e9e des villages et de rencontres citoyennes. Au cas &hellip; <a href=\"https:\/\/genappe-ensemble.be\/index.php\/sondage\/\" class=\"more-link\">Continuer la lecture<span class=\"screen-reader-text\"> de &laquo;&nbsp;Le \u00ab\u00a0sondage\u00a0\u00bb 2024&nbsp;&raquo;<\/span><\/a><\/p>\n","protected":false},"author":2,"featured_media":0,"parent":0,"menu_order":0,"comment_status":"closed","ping_status":"closed","template":"","meta":{"_monsterinsights_skip_tracking":false,"_monsterinsights_sitenote_active":false,"_monsterinsights_sitenote_note":"","_monsterinsights_sitenote_category":0,"footnotes":""},"class_list":["post-58","page","type-page","status-publish","hentry"],"_links":{"self":[{"href":"https:\/\/genappe-ensemble.be\/index.php\/wp-json\/wp\/v2\/pages\/58","targetHints":{"allow":["GET"]}}],"collection":[{"href":"https:\/\/genappe-ensemble.be\/index.php\/wp-json\/wp\/v2\/pages"}],"about":[{"href":"https:\/\/genappe-ensemble.be\/index.php\/wp-json\/wp\/v2\/types\/page"}],"author":[{"embeddable":true,"href":"https:\/\/genappe-ensemble.be\/index.php\/wp-json\/wp\/v2\/users\/2"}],"replies":[{"embeddable":true,"href":"https:\/\/genappe-ensemble.be\/index.php\/wp-json\/wp\/v2\/comments?post=58"}],"version-history":[{"count":13,"href":"https:\/\/genappe-ensemble.be\/index.php\/wp-json\/wp\/v2\/pages\/58\/revisions"}],"predecessor-version":[{"id":594,"href":"https:\/\/genappe-ensemble.be\/index.php\/wp-json\/wp\/v2\/pages\/58\/revisions\/594"}],"wp:attachment":[{"href":"https:\/\/genappe-ensemble.be\/index.php\/wp-json\/wp\/v2\/media?parent=58"}],"curies":[{"name":"wp","href":"https:\/\/api.w.org\/{rel}","templated":true}]}}