{"id":603,"date":"2025-01-18T13:49:35","date_gmt":"2025-01-18T12:49:35","guid":{"rendered":"https:\/\/genappe-ensemble.be\/?page_id=603"},"modified":"2025-03-06T18:06:30","modified_gmt":"2025-03-06T17:06:30","slug":"nos-actualites","status":"publish","type":"page","link":"https:\/\/genappe-ensemble.be\/index.php\/nos-actualites\/","title":{"rendered":"Nos actualit\u00e9s"},"content":{"rendered":"\n<hr class=\"wp-block-separator has-alpha-channel-opacity\"\/>\n\n\n\n<p><strong>L&rsquo;Avenir du 25 f\u00e9vrier 2025<\/strong><\/p>\n\n\n<div class=\"wp-block-image\">\n<figure class=\"aligncenter size-large\"><img loading=\"lazy\" decoding=\"async\" width=\"603\" height=\"1024\" src=\"http:\/\/genappe-ensemble.be\/wp-content\/uploads\/2025\/03\/article-recours-603x1024.png\" alt=\"\" class=\"wp-image-641\" srcset=\"https:\/\/genappe-ensemble.be\/wp-content\/uploads\/2025\/03\/article-recours-603x1024.png 603w, https:\/\/genappe-ensemble.be\/wp-content\/uploads\/2025\/03\/article-recours-177x300.png 177w, https:\/\/genappe-ensemble.be\/wp-content\/uploads\/2025\/03\/article-recours-768x1304.png 768w, https:\/\/genappe-ensemble.be\/wp-content\/uploads\/2025\/03\/article-recours.png 904w\" sizes=\"auto, (max-width: 603px) 85vw, 603px\" \/><\/figure>\n<\/div>\n\n\n<hr class=\"wp-block-separator has-alpha-channel-opacity\"\/>\n\n\n\n<p><strong>CONTRE LA MONT\u00c9E DE L&rsquo;EXTR\u00caME DROITE BELGE<\/strong><\/p>\n\n\n\n<p><strong>Depuis le 3 f\u00e9vrier 2025, la Belgique s\u2019est dot\u00e9e d\u2019un nouveau gouvernement f\u00e9d\u00e9ral. Un vote de confiance a \u00e9t\u00e9 attribu\u00e9 le 6 f\u00e9vrier par le Parlement F\u00e9d\u00e9ral \u00e0 la note gouvernementale de cette nouvelle coalition Arizona. Notre Premier Ministre est Bart De Wever, Pr\u00e9sident de la NVA, tr\u00e8s connue pour ces id\u00e9es s\u00e9paratistes et ayant accessoirement refus\u00e9 de monter au gouvernement avec le Vlaams Belang (cordon sanitaire oblige). Or, les citoyens et citoyennes d&rsquo;Ensemble Genappe, apr\u00e8s divers constats le 5 mars 2025, voudraient attirer votre attention sur certains points et tirer avec vous la sonnette d&rsquo;alarme !&nbsp;<\/strong><\/p>\n\n\n\n<p>Comme vous le savez sans doute, ce nouveau gouvernement est largement d\u00e9cri\u00e9 par les mouvements syndicaux, qui lancent des manifestations nationales contre les mesures d&rsquo;aust\u00e9rit\u00e9 pr\u00e9vues par l&rsquo;Arizona. Ces mesures, touchant directement toutes les minorit\u00e9s (femmes, ch\u00f4meur\u00b7euses, demandeur\u00b7euses d&rsquo;asile, ain\u00e9\u00b7es, malades, etc.), ainsi que les travailleur\u00b7euses (p\u00e9nibilit\u00e9 du travail d\u00e9valoris\u00e9e, suppression des nominations statutaires dans la Fonction publique, etc)., nous paraissent dramatiques et extr\u00e9mistes. Elles vont avoir&nbsp; de n\u00e9fastes cons\u00e9quences sur les finances communales (CPAS, entre autres) et ses engagements (commune hospitali\u00e8re, entre autres). Nous consid\u00e9rons ces mesures d&rsquo;aust\u00e9rit\u00e9 comme \u00e9tant graves, certaines portant atteintes aux droits humains, imposant un devoir d&rsquo;ultra-rentabilit\u00e9 \u00e9conomique \u00e0 la classe moyenne sans r\u00e9el fondement autre que id\u00e9ologique.&nbsp;<\/p>\n\n\n\n<p>Malgr\u00e9 ce qui transpara\u00eet dans nos m\u00e9dias belges classiques ou sur Wikip\u00e9dia (<a href=\"https:\/\/fr.wikipedia.org\/wiki\/Gouvernement_De_Wever\">https:\/\/fr.wikipedia.org\/wiki\/Gouvernement_De_Wever<\/a>), ce gouvernement est consid\u00e9r\u00e9 comme d&rsquo;EXTR\u00caME DROITE au-del\u00e0 de nos fronti\u00e8res, parce que dirig\u00e9 par Bart De Wever.<\/p>\n\n\n\n<p>Arte TV (<a href=\"https:\/\/www.arte.tv\/fr\/videos\/120904-011-A\/le-dessous-des-cartes-l-essentiel\/\">https:\/\/www.arte.tv\/fr\/videos\/120904-011-A\/le-dessous-des-cartes-l-essentiel\/<\/a>) ou encore \u00ab\u00a0Toute l&rsquo;Europe\u00a0\u00bb nous l&rsquo;explique (<a href=\"https:\/\/www.touteleurope.eu\/vie-politique-des-etats-membres\/carte-quels-sont-les-pays-d-europe-gouvernes-par-l-extreme-droite\/\">https:\/\/www.touteleurope.eu\/vie-politique-des-etats-membres\/carte-quels-sont-les-pays-d-europe-gouvernes-par-l-extreme-droite\/<\/a>). La NV-A de De Wever est affili\u00e9e aux Conservateurs et R\u00e9formistes europ\u00e9ens (CRE), quatri\u00e8me groupe politique au Parlement europ\u00e9en : la droite radicale europ\u00e9enne donc (dont appartient notamment le parti d&rsquo;extr\u00eame droite de Marion Mar\u00e9chal &#8211; France, ou encore le parti n\u00e9ofasciste de Giorgia Meloni &#8211; Italie). Bien que Vers l&rsquo;Avenir apporte des nuances (<a href=\"https:\/\/www.lavenir.net\/actu\/belgique\/politique\/2025\/02\/02\/accord-de-gouvernement-federal-marion-marechal-et-le-groupe-parlementaire-ecr-felicitent-bart-de-wever-4WQL45PYVVHMVAA6PNTD6BEKRQ\/\">https:\/\/www.lavenir.net\/actu\/belgique\/politique\/2025\/02\/02\/accord-de-gouvernement-federal-marion-marechal-et-le-groupe-parlementaire-ecr-felicitent-bart-de-wever-4WQL45PYVVHMVAA6PNTD6BEKRQ\/<\/a>), le constat reste le m\u00eame : tous les signaux montrent que la quasi-totalit\u00e9 des r\u00e9formes sont extr\u00eames-droitisantes, telles que d\u00e9crites par Infor Jeunes Bruxelles (<a href=\"https:\/\/www.bruxelles-j.be\/exercer-ta-citoyennete\/qu-est-ce-que-l-extreme-droite\/\">https:\/\/www.bruxelles-j.be\/exercer-ta-citoyennete\/qu-est-ce-que-l-extreme-droite\/<\/a>), copiant-collant certaines des id\u00e9es du Vlaams Belang (<a href=\"https:\/\/bx1.be\/categories\/news\/mehdi-kassou-sur-les-politiques-dimmigration-on-est-completement-a-lextreme-droite\/?theme=classic\">https:\/\/bx1.be\/categories\/news\/mehdi-kassou-sur-les-politiques-dimmigration-on-est-completement-a-lextreme-droite\/?theme=classic<\/a>). Nous d\u00e9plorons aussi la baisse de 25% du financement d&rsquo;Unia, institution publique interf\u00e9d\u00e9rale ind\u00e9pendante de lutte contre la discrimination (<a href=\"https:\/\/www.unia.be\/fr\/actua\/accord-gouvernement-federal-25-pour-cent\">https:\/\/www.unia.be\/fr\/actua\/accord-gouvernement-federal-25-pour-cent<\/a>). Une diminution dramatique qui limitera encore plus la parole de celleux qui en ont d\u00e9j\u00e0 peu&#8230;&nbsp;<\/p>\n\n\n\n<p>Rappelons que l&rsquo;Arizona est&nbsp; du chef d&rsquo;une coalition, men\u00e9e de front par la NV-A (4 ministres) ainsi que par le MR (4 ministres), soit 8 ministres sur 15, ainsi que les Engag\u00e9s (3), Vooruit (2) et le CD&amp;V (2) ; que les votes qui ont d\u00e9termin\u00e9 ce gouvernement se retrouvent aussi au sein de la F\u00e9d\u00e9ration Wallonie-Bruxelles et de la R\u00e9gion Wallonne (MR &#8211; Engag\u00e9s) ; et que, au vu des derni\u00e8res sorties m\u00e9diatiques de Monsieur Georges-Louis Bouchez, FWB et RW filent un mauvais coton. La plus choquante reste son attaque directe contre le secteur de la culture, proposant de ne plus le financer \u00e0 cause de sa pr\u00e9sence \u00e0 la manifestation nationale du 13\/02 dernier (<a href=\"https:\/\/www.lesoir.be\/656266\/article\/2025-02-18\/le-festival-esperanzah-repond-aux-nouvelles-attaques-de-bouchez-quil-le-veuille?fbclid=IwY2xjawIm-2BleHRuA2FlbQIxMAABHdlLKvYgzcMEI3NrEI5T8akTF5HZ2r1i7gCiau-EpdPOmw7zzseC8zBdFg_aem_KvU7AltDUXxnec6LTl4vFQ\">https:\/\/www.lesoir.be\/656266\/article\/2025-02-18\/le-festival-esperanzah-repond-aux-nouvelles-attaques-de-bouchez-quil-le-veuille?fbclid=IwY2xjawIm-2BleHRuA2FlbQIxMAABHdlLKvYgzcMEI3NrEI5T8akTF5HZ2r1i7gCiau-EpdPOmw7zzseC8zBdFg_aem_KvU7AltDUXxnec6LTl4vFQ<\/a>). Vouloir museler les m\u00e9dias (coupe budg\u00e9taire) et la culture est l&rsquo;une des premi\u00e8res d\u00e9marches faites par les gouvernements autoritaires, de droite comme de gauche ! Enfin, que dire de la r\u00e9forme de l&rsquo;Enseignement, si ce n&rsquo;est qu&rsquo;elle stigmatise la divergence et les choix de carri\u00e8res ?&nbsp;<\/p>\n\n\n\n<p>Alors, appelons un chat un chat : la Belgique \u00e0 fait un large virement \u00e0 droite et&nbsp; passe aux mains de l&rsquo;extr\u00eame droite, m\u00eame si elle n&rsquo;ose se nommer ainsi ! Pour Ensemble Genappe, cette situation est inacceptable, d\u00e8s lors que nous pensons aux g\u00e9n\u00e9rations pass\u00e9es et futures, ainsi qu&rsquo;\u00e0 notre dignit\u00e9 et notre belle multiculturalit\u00e9 reconnue dans le monde entier. Certes, nos gouvernements en place (on attend encore celui de la R\u00e9gion bruxelloise) sont issus d&rsquo;un vote d\u00e9mocratique. Cependant, les mesures prises ne devraient pas nous laisser de marbre.<\/p>\n\n\n\n<p><strong>A Genappe, le Mouvement citoyen ENSEMBLE se range clairement en faveur des mesures qui visent le bien-\u00eatre des gens plut\u00f4t que pour des mesures d&rsquo;aust\u00e9rit\u00e9. Agissons : montrons l&rsquo;exemple, dans la bienveillance et la joie. Soutenons et participons aux initiatives en faveur du d\u00e9bat d\u00e9mocratique et effor\u00e7ons-nous de d\u00e9velopper la participation citoyenne au sein de la gouvernance communale, pour que la parole de toutes et de tous soient prise en compte.<\/strong><\/p>\n\n\n\n<hr class=\"wp-block-separator has-alpha-channel-opacity\"\/>\n\n\n\n<p>Fin de l&rsquo;enqu\u00eate publique le 31 janvier 2025 sur l&rsquo;implantation d&rsquo;<strong>un McDonald&rsquo;s \u00e0 Genappe<\/strong> en face de l&rsquo;Intermarch\u00e9. ENSEMBLE a adress\u00e9 une lettre au Coll\u00e8ge communal pour attirer l&rsquo;attention sur les inconv\u00e9nients li\u00e9s au choix du site.<\/p>\n\n\n\n<figure class=\"wp-block-image size-large\"><img loading=\"lazy\" decoding=\"async\" width=\"1024\" height=\"582\" src=\"http:\/\/genappe-ensemble.be\/wp-content\/uploads\/2025\/01\/rond-point-n5-1024x582.jpeg\" alt=\"\" class=\"wp-image-625\" srcset=\"https:\/\/genappe-ensemble.be\/wp-content\/uploads\/2025\/01\/rond-point-n5-1024x582.jpeg 1024w, https:\/\/genappe-ensemble.be\/wp-content\/uploads\/2025\/01\/rond-point-n5-300x171.jpeg 300w, https:\/\/genappe-ensemble.be\/wp-content\/uploads\/2025\/01\/rond-point-n5-768x437.jpeg 768w, https:\/\/genappe-ensemble.be\/wp-content\/uploads\/2025\/01\/rond-point-n5-1200x683.jpeg 1200w, https:\/\/genappe-ensemble.be\/wp-content\/uploads\/2025\/01\/rond-point-n5.jpeg 1280w\" sizes=\"auto, (max-width: 709px) 85vw, (max-width: 909px) 67vw, (max-width: 1362px) 62vw, 840px\" \/><\/figure>\n\n\n\n<div data-wp-interactive=\"core\/file\" class=\"wp-block-file\"><object data-wp-bind--hidden=\"!state.hasPdfPreview\" hidden class=\"wp-block-file__embed\" data=\"http:\/\/genappe-ensemble.be\/wp-content\/uploads\/2025\/01\/Pour-le-Groupe-Ensemble-Google-Docs.pdf\" type=\"application\/pdf\" style=\"width:100%;height:200px\" aria-label=\"Contenu embarqu\u00e9 Lette d&apos;ENSEMBLE au Coll\u00e8ge communal&lt;br&gt;.\"><\/object><a id=\"wp-block-file--media-f8138de5-fd1e-4c31-a573-b85aff70d708\" href=\"http:\/\/genappe-ensemble.be\/wp-content\/uploads\/2025\/01\/Pour-le-Groupe-Ensemble-Google-Docs.pdf\">Lette d&rsquo;ENSEMBLE au Coll\u00e8ge communal<br><\/a><a href=\"http:\/\/genappe-ensemble.be\/wp-content\/uploads\/2025\/01\/Pour-le-Groupe-Ensemble-Google-Docs.pdf\" class=\"wp-block-file__button wp-element-button\" download aria-describedby=\"wp-block-file--media-f8138de5-fd1e-4c31-a573-b85aff70d708\">T\u00e9l\u00e9charger<\/a><\/div>\n\n\n\n<hr class=\"wp-block-separator has-alpha-channel-opacity\"\/>\n\n\n\n<p>Le Comit\u00e9 ENSEMBLE, lors de sa r\u00e9union du 18 janvier 2025, a relev\u00e9 plusieurs <strong>dossiers d&rsquo;actualit\u00e9<\/strong>, soit rest\u00e9s sensibles depuis l&rsquo;\u00e9lection communale du 13 octobre 2024, soit qui sont apparus depuis lors. Ils feront l&rsquo;objet d&rsquo;une attention soutenue et de communications appropri\u00e9es. Citons la circulation rue de Ways, la destination de la Maison Beghin, l&rsquo;extension des commerces \u00e0 proximit\u00e9 de l&rsquo;Intermarch\u00e9, l&rsquo;acc\u00e8s aux salles communales, les subventions \u00e0 la culture et aux associations, l&rsquo;avancement de la piscine, l&rsquo;animation des quartiers, des villages et de l&rsquo;entit\u00e9, l&rsquo;acc\u00e8s des PMR sur la voirie, les commissions communales mixtes, etc.<\/p>\n\n\n\n<hr class=\"wp-block-separator has-alpha-channel-opacity\"\/>\n\n\n\n<p>La <strong>composition du Coll\u00e8ge communal<\/strong> et la r\u00e9partition des mati\u00e8res entre ses membres est publi\u00e9e dans le Journal officiel de la Ville depuis l&rsquo;\u00e9dition de d\u00e9cembre 2024. Elle peut \u00e9galement \u00eatre consult\u00e9e sur le site web officiel de la Ville \u00e0 l&rsquo;adresse <a href=\"https:\/\/www.genappe.be\/commune\/vie-politique\/college-communal\">https:\/\/www.genappe.be\/commune\/vie-politique\/college-communal<\/a><\/p>\n\n\n\n<hr class=\"wp-block-separator has-alpha-channel-opacity\"\/>\n\n\n\n<p><\/p>\n","protected":false},"excerpt":{"rendered":"<p>L&rsquo;Avenir du 25 f\u00e9vrier 2025 CONTRE LA MONT\u00c9E DE L&rsquo;EXTR\u00caME DROITE BELGE Depuis le 3 f\u00e9vrier 2025, la Belgique s\u2019est dot\u00e9e d\u2019un nouveau gouvernement f\u00e9d\u00e9ral. Un vote de confiance a \u00e9t\u00e9 attribu\u00e9 le 6 f\u00e9vrier par le Parlement F\u00e9d\u00e9ral \u00e0 la note gouvernementale de cette nouvelle coalition Arizona. Notre Premier Ministre est Bart De Wever, &hellip; <a href=\"https:\/\/genappe-ensemble.be\/index.php\/nos-actualites\/\" class=\"more-link\">Continuer la lecture<span class=\"screen-reader-text\"> de &laquo;&nbsp;Nos actualit\u00e9s&nbsp;&raquo;<\/span><\/a><\/p>\n","protected":false},"author":2,"featured_media":0,"parent":0,"menu_order":0,"comment_status":"closed","ping_status":"closed","template":"","meta":{"_monsterinsights_skip_tracking":false,"_monsterinsights_sitenote_active":false,"_monsterinsights_sitenote_note":"","_monsterinsights_sitenote_category":0,"footnotes":""},"class_list":["post-603","page","type-page","status-publish","hentry"],"_links":{"self":[{"href":"https:\/\/genappe-ensemble.be\/index.php\/wp-json\/wp\/v2\/pages\/603","targetHints":{"allow":["GET"]}}],"collection":[{"href":"https:\/\/genappe-ensemble.be\/index.php\/wp-json\/wp\/v2\/pages"}],"about":[{"href":"https:\/\/genappe-ensemble.be\/index.php\/wp-json\/wp\/v2\/types\/page"}],"author":[{"embeddable":true,"href":"https:\/\/genappe-ensemble.be\/index.php\/wp-json\/wp\/v2\/users\/2"}],"replies":[{"embeddable":true,"href":"https:\/\/genappe-ensemble.be\/index.php\/wp-json\/wp\/v2\/comments?post=603"}],"version-history":[{"count":10,"href":"https:\/\/genappe-ensemble.be\/index.php\/wp-json\/wp\/v2\/pages\/603\/revisions"}],"predecessor-version":[{"id":651,"href":"https:\/\/genappe-ensemble.be\/index.php\/wp-json\/wp\/v2\/pages\/603\/revisions\/651"}],"wp:attachment":[{"href":"https:\/\/genappe-ensemble.be\/index.php\/wp-json\/wp\/v2\/media?parent=603"}],"curies":[{"name":"wp","href":"https:\/\/api.w.org\/{rel}","templated":true}]}}