{"id":61,"date":"2024-01-14T15:29:30","date_gmt":"2024-01-14T14:29:30","guid":{"rendered":"http:\/\/genappe-ensemble.be\/?page_id=61"},"modified":"2024-10-14T12:40:26","modified_gmt":"2024-10-14T10:40:26","slug":"encourager","status":"publish","type":"page","link":"https:\/\/genappe-ensemble.be\/index.php\/encourager\/","title":{"rendered":"Encourager ENSEMBLE"},"content":{"rendered":"\n<p> <img loading=\"lazy\" decoding=\"async\" width=\"24\" height=\"12\" class=\"wp-image-121\" style=\"width: 24px;\" src=\"http:\/\/genappe-ensemble.be\/wp-content\/uploads\/2024\/01\/ARRO2E2.gif\" alt=\"\"> <mark style=\"background-color:rgba(0, 0, 0, 0)\" class=\"has-inline-color has-bright-red-color\">J&rsquo;envoie un mail \u00e0 <\/mark><strong><a href=\"mailto:ensemble.genappe@gmail.com\">ensemble.genappe@gmail.com<\/a><\/strong><mark style=\"background-color:rgba(0, 0, 0, 0)\" class=\"has-inline-color has-bright-red-color\"> pour&#8230;<\/mark><\/p>\n\n\n\n<ul class=\"wp-block-list\">\n<li>m&rsquo;inscrire \u00e0 la Newsletter<\/li>\n\n\n\n<li>proposer d&rsquo;accompagner les activit\u00e9s<\/li>\n\n\n\n<li>me convoquer \u00e0 une prochaine r\u00e9union de coordination<\/li>\n<\/ul>\n\n\n\n<hr class=\"wp-block-separator has-alpha-channel-opacity\"\/>\n\n\n\n<p> <img loading=\"lazy\" decoding=\"async\" width=\"24\" height=\"12\" class=\"wp-image-121\" style=\"width: 24px;\" src=\"http:\/\/genappe-ensemble.be\/wp-content\/uploads\/2024\/01\/ARRO2E2.gif\" alt=\"\"> <mark style=\"background-color:rgba(0, 0, 0, 0)\" class=\"has-inline-color has-bright-red-color\">Je verse un don<\/mark> sur le compte d&rsquo;ENSEMBLE-Genappe  BE15 0343 8839 4530<\/p>\n\n\n\n<hr class=\"wp-block-separator has-alpha-channel-opacity\"\/>\n\n\n\n<p>ENSEMBLE est un mouvement de citoyen\u00b7ne\u2027s qui habitent les villages de la commune de Genappe et qui partagent les objectifs et les valeurs du Groupe.<\/p>\n\n\n\n<p>ENSEMBLE est un mouvement citoyen ind\u00e9pendant des partis traditionnels et ne b\u00e9n\u00e9ficie d&rsquo;aucune subvention ou cotisation. Les actions d&rsquo;ENSEMBLE sont totalement auto-financ\u00e9es.<\/p>\n","protected":false},"excerpt":{"rendered":"<p>J&rsquo;envoie un mail \u00e0 ensemble.genappe@gmail.com pour&#8230; Je verse un don sur le compte d&rsquo;ENSEMBLE-Genappe BE15 0343 8839 4530 ENSEMBLE est un mouvement de citoyen\u00b7ne\u2027s qui habitent les villages de la commune de Genappe et qui partagent les objectifs et les valeurs du Groupe. ENSEMBLE est un mouvement citoyen ind\u00e9pendant des partis traditionnels et ne b\u00e9n\u00e9ficie &hellip; <a href=\"https:\/\/genappe-ensemble.be\/index.php\/encourager\/\" class=\"more-link\">Continuer la lecture<span class=\"screen-reader-text\"> de &laquo;&nbsp;Encourager ENSEMBLE&nbsp;&raquo;<\/span><\/a><\/p>\n","protected":false},"author":2,"featured_media":0,"parent":0,"menu_order":0,"comment_status":"closed","ping_status":"closed","template":"","meta":{"_monsterinsights_skip_tracking":false,"_monsterinsights_sitenote_active":false,"_monsterinsights_sitenote_note":"","_monsterinsights_sitenote_category":0,"footnotes":""},"class_list":["post-61","page","type-page","status-publish","hentry"],"_links":{"self":[{"href":"https:\/\/genappe-ensemble.be\/index.php\/wp-json\/wp\/v2\/pages\/61","targetHints":{"allow":["GET"]}}],"collection":[{"href":"https:\/\/genappe-ensemble.be\/index.php\/wp-json\/wp\/v2\/pages"}],"about":[{"href":"https:\/\/genappe-ensemble.be\/index.php\/wp-json\/wp\/v2\/types\/page"}],"author":[{"embeddable":true,"href":"https:\/\/genappe-ensemble.be\/index.php\/wp-json\/wp\/v2\/users\/2"}],"replies":[{"embeddable":true,"href":"https:\/\/genappe-ensemble.be\/index.php\/wp-json\/wp\/v2\/comments?post=61"}],"version-history":[{"count":8,"href":"https:\/\/genappe-ensemble.be\/index.php\/wp-json\/wp\/v2\/pages\/61\/revisions"}],"predecessor-version":[{"id":558,"href":"https:\/\/genappe-ensemble.be\/index.php\/wp-json\/wp\/v2\/pages\/61\/revisions\/558"}],"wp:attachment":[{"href":"https:\/\/genappe-ensemble.be\/index.php\/wp-json\/wp\/v2\/media?parent=61"}],"curies":[{"name":"wp","href":"https:\/\/api.w.org\/{rel}","templated":true}]}}